{"id":1134,"date":"2020-11-17T07:13:56","date_gmt":"2020-11-17T07:13:56","guid":{"rendered":"https:\/\/startertemplatecloud.com\/e02\/cart\/"},"modified":"2023-04-06T12:26:50","modified_gmt":"2023-04-06T12:26:50","slug":"koszyk","status":"publish","type":"page","link":"https:\/\/anti-fraud.pl\/?page_id=1134","title":{"rendered":"Koszyk"},"content":{"rendered":"<div class=\"woocommerce\"><div class=\"woocommerce-notices-wrapper\">\n\t<div class=\"woocommerce-message\" role=\"alert\">\n\t\t<a href=\"https:\/\/anti-fraud.pl\/?page_id=5\" tabindex=\"1\" class=\"button wc-forward\">Continue shopping<\/a> &ldquo;Szkolenie dot. obowi\u0105zk\u00f3w wynikaj\u0105cych z implementacji przepis\u00f3w o &#8222;Sygnalistach&#8221; &#8211; szkolenie rozszerzone&rdquo; has been added to your cart.\t<\/div>\n<\/div><div class=\"kadence-woo-cart-form-wrap\">\n<form class=\"woocommerce-cart-form\" action=\"https:\/\/anti-fraud.pl\/?page_id=1134\" method=\"post\">\n\t<div class=\"cart-summary\"><h2>Podsumowanie zakupu<\/h2><\/div>\n\t<table class=\"shop_table shop_table_responsive cart woocommerce-cart-form__contents\" cellspacing=\"0\">\n\t\t<thead>\n\t\t\t<tr>\n\t\t\t\t<th class=\"product-remove\"><span class=\"screen-reader-text\">Remove item<\/span><\/th>\n\t\t\t\t<th class=\"product-thumbnail\"><span class=\"screen-reader-text\">Thumbnail image<\/span><\/th>\n\t\t\t\t<th class=\"product-name\">Product<\/th>\n\t\t\t\t<th class=\"product-price\">Price<\/th>\n\t\t\t\t<th class=\"product-quantity\">Quantity<\/th>\n\t\t\t\t<th class=\"product-subtotal\">Subtotal<\/th>\n\t\t\t<\/tr>\n\t\t<\/thead>\n\t\t<tbody>\n\t\t\t\n\t\t\t\t\t\t\t\t<tr class=\"woocommerce-cart-form__cart-item cart_item\">\n\n\t\t\t\t\t\t<td class=\"product-remove\">\n\t\t\t\t\t\t\t<a href=\"https:\/\/anti-fraud.pl\/?page_id=1134&#038;remove_item=059fdcd96baeb75112f09fa1dcc740cc&#038;_wpnonce=b166ded831\" class=\"remove\" aria-label=\"Remove Szkolenie dot. obowi\u0105zk\u00f3w wynikaj\u0105cych z implementacji przepis\u00f3w Dyrektywy i ustawy o &quot;Sygnalistach&quot; - podstawy from cart\" data-product_id=\"1895\" data-product_sku=\"\">&times;<\/a>\t\t\t\t\t\t<\/td>\n\n\t\t\t\t\t\t<td class=\"product-thumbnail\">\n\t\t\t\t\t\t<a href=\"https:\/\/anti-fraud.pl\/?product=sygnalisci-szkolenie\"><img fetchpriority=\"high\" decoding=\"async\" width=\"600\" height=\"600\" src=\"https:\/\/anti-fraud.pl\/wp-content\/uploads\/2023\/03\/speaking-1453068_1920.jpg\" class=\"attachment-woocommerce_thumbnail size-woocommerce_thumbnail\" alt=\"\" srcset=\"https:\/\/anti-fraud.pl\/wp-content\/uploads\/2023\/03\/speaking-1453068_1920.jpg 600w, https:\/\/anti-fraud.pl\/wp-content\/uploads\/2023\/03\/speaking-1453068_1920-300x300.jpg 300w, https:\/\/anti-fraud.pl\/wp-content\/uploads\/2023\/03\/speaking-1453068_1920-150x150.jpg 150w, https:\/\/anti-fraud.pl\/wp-content\/uploads\/2023\/03\/speaking-1453068_1920-100x100.jpg 100w\" sizes=\"(max-width: 600px) 100vw, 600px\" \/><\/a>\t\t\t\t\t\t<\/td>\n\n\t\t\t\t\t\t<td class=\"product-name\" data-title=\"Product\">\n\t\t\t\t\t\t<a href=\"https:\/\/anti-fraud.pl\/?product=sygnalisci-szkolenie\">Szkolenie dot. obowi\u0105zk\u00f3w wynikaj\u0105cych z implementacji przepis\u00f3w Dyrektywy i ustawy o \"Sygnalistach\" - podstawy<\/a>\t\t\t\t\t\t<\/td>\n\n\t\t\t\t\t\t<td class=\"product-price\" data-title=\"Price\">\n\t\t\t\t\t\t\t<span class=\"woocommerce-Price-amount amount\"><bdi>1,537,50<span class=\"woocommerce-Price-currencySymbol\">&#122;&#322;<\/span><\/bdi><\/span>\t\t\t\t\t\t<\/td>\n\n\t\t\t\t\t\t<td class=\"product-quantity\" data-title=\"Quantity\">\n\t\t\t\t\t\t<div class=\"quantity\">\n\t\t<label class=\"screen-reader-text\" for=\"quantity_69e3012f06ec9\">Szkolenie dot. obowi\u0105zk\u00f3w wynikaj\u0105cych z implementacji przepis\u00f3w Dyrektywy i ustawy o &quot;Sygnalistach&quot; - podstawy quantity<\/label>\n\t<input\n\t\ttype=\"number\"\n\t\t\t\tid=\"quantity_69e3012f06ec9\"\n\t\tclass=\"input-text qty text\"\n\t\tname=\"cart[059fdcd96baeb75112f09fa1dcc740cc][qty]\"\n\t\tvalue=\"1\"\n\t\taria-label=\"Product quantity\"\n\t\tsize=\"4\"\n\t\tmin=\"0\"\n\t\tmax=\"\"\n\t\t\t\t\tstep=\"1\"\n\t\t\tplaceholder=\"\"\n\t\t\tinputmode=\"numeric\"\n\t\t\tautocomplete=\"off\"\n\t\t\t\/>\n\t<\/div>\n\t\t\t\t\t\t<\/td>\n\n\t\t\t\t\t\t<td class=\"product-subtotal\" data-title=\"Subtotal\">\n\t\t\t\t\t\t\t<span class=\"woocommerce-Price-amount amount\"><bdi>1,537,50<span class=\"woocommerce-Price-currencySymbol\">&#122;&#322;<\/span><\/bdi><\/span> <small class=\"tax_label\">(incl. VAT)<\/small>\t\t\t\t\t\t<\/td>\n\t\t\t\t\t<\/tr>\n\t\t\t\t\t\t\t\t\t\t<tr class=\"woocommerce-cart-form__cart-item cart_item\">\n\n\t\t\t\t\t\t<td class=\"product-remove\">\n\t\t\t\t\t\t\t<a href=\"https:\/\/anti-fraud.pl\/?page_id=1134&#038;remove_item=d54e99a6c03704e95e6965532dec148b&#038;_wpnonce=b166ded831\" class=\"remove\" aria-label=\"Remove Szkolenie dot. obowi\u0105zk\u00f3w wynikaj\u0105cych z implementacji przepis\u00f3w o &quot;Sygnalistach&quot; - szkolenie rozszerzone from cart\" data-product_id=\"1901\" data-product_sku=\"\">&times;<\/a>\t\t\t\t\t\t<\/td>\n\n\t\t\t\t\t\t<td class=\"product-thumbnail\">\n\t\t\t\t\t\t<a href=\"https:\/\/anti-fraud.pl\/?product=szkolenie-sygnalisci\"><img decoding=\"async\" width=\"600\" height=\"600\" src=\"https:\/\/anti-fraud.pl\/wp-content\/uploads\/2023\/03\/lecture-3986809_1920.jpg\" class=\"attachment-woocommerce_thumbnail size-woocommerce_thumbnail\" alt=\"\" srcset=\"https:\/\/anti-fraud.pl\/wp-content\/uploads\/2023\/03\/lecture-3986809_1920.jpg 600w, https:\/\/anti-fraud.pl\/wp-content\/uploads\/2023\/03\/lecture-3986809_1920-300x300.jpg 300w, https:\/\/anti-fraud.pl\/wp-content\/uploads\/2023\/03\/lecture-3986809_1920-150x150.jpg 150w, https:\/\/anti-fraud.pl\/wp-content\/uploads\/2023\/03\/lecture-3986809_1920-100x100.jpg 100w\" sizes=\"(max-width: 600px) 100vw, 600px\" \/><\/a>\t\t\t\t\t\t<\/td>\n\n\t\t\t\t\t\t<td class=\"product-name\" data-title=\"Product\">\n\t\t\t\t\t\t<a href=\"https:\/\/anti-fraud.pl\/?product=szkolenie-sygnalisci\">Szkolenie dot. obowi\u0105zk\u00f3w wynikaj\u0105cych z implementacji przepis\u00f3w o \"Sygnalistach\" - szkolenie rozszerzone<\/a>\t\t\t\t\t\t<\/td>\n\n\t\t\t\t\t\t<td class=\"product-price\" data-title=\"Price\">\n\t\t\t\t\t\t\t<span class=\"woocommerce-Price-amount amount\"><bdi>2,152,50<span class=\"woocommerce-Price-currencySymbol\">&#122;&#322;<\/span><\/bdi><\/span>\t\t\t\t\t\t<\/td>\n\n\t\t\t\t\t\t<td class=\"product-quantity\" data-title=\"Quantity\">\n\t\t\t\t\t\t<div class=\"quantity\">\n\t\t<label class=\"screen-reader-text\" for=\"quantity_69e3012f078ca\">Szkolenie dot. obowi\u0105zk\u00f3w wynikaj\u0105cych z implementacji przepis\u00f3w o &quot;Sygnalistach&quot; - szkolenie rozszerzone quantity<\/label>\n\t<input\n\t\ttype=\"number\"\n\t\t\t\tid=\"quantity_69e3012f078ca\"\n\t\tclass=\"input-text qty text\"\n\t\tname=\"cart[d54e99a6c03704e95e6965532dec148b][qty]\"\n\t\tvalue=\"1\"\n\t\taria-label=\"Product quantity\"\n\t\tsize=\"4\"\n\t\tmin=\"0\"\n\t\tmax=\"\"\n\t\t\t\t\tstep=\"1\"\n\t\t\tplaceholder=\"\"\n\t\t\tinputmode=\"numeric\"\n\t\t\tautocomplete=\"off\"\n\t\t\t\/>\n\t<\/div>\n\t\t\t\t\t\t<\/td>\n\n\t\t\t\t\t\t<td class=\"product-subtotal\" data-title=\"Subtotal\">\n\t\t\t\t\t\t\t<span class=\"woocommerce-Price-amount amount\"><bdi>2,152,50<span class=\"woocommerce-Price-currencySymbol\">&#122;&#322;<\/span><\/bdi><\/span> <small class=\"tax_label\">(incl. VAT)<\/small>\t\t\t\t\t\t<\/td>\n\t\t\t\t\t<\/tr>\n\t\t\t\t\t\n\t\t\t\n\t\t\t<tr>\n\t\t\t\t<td colspan=\"6\" class=\"actions\">\n\n\t\t\t\t\t\n\t\t\t\t\t<button type=\"submit\" class=\"button\" name=\"update_cart\" value=\"Update cart\">Update cart<\/button>\n\n\t\t\t\t\t\n\t\t\t\t\t<input type=\"hidden\" id=\"woocommerce-cart-nonce\" name=\"woocommerce-cart-nonce\" value=\"b166ded831\" \/><input type=\"hidden\" name=\"_wp_http_referer\" value=\"\/index.php?rest_route=%2Fwp%2Fv2%2Fpages%2F1134\" \/>\t\t\t\t<\/td>\n\t\t\t<\/tr>\n\n\t\t\t\t\t<\/tbody>\n\t<\/table>\n\t<\/form>\n\n\n<div class=\"cart-collaterals\">\n\t<div class=\"cart_totals \">\n\n\t\n\t<h2>Cart totals<\/h2>\n\n\t<table cellspacing=\"0\" class=\"shop_table shop_table_responsive\">\n\n\t\t<tr class=\"cart-subtotal\">\n\t\t\t<th>Subtotal<\/th>\n\t\t\t<td data-title=\"Subtotal\"><span class=\"woocommerce-Price-amount amount\"><bdi>3,690,00<span class=\"woocommerce-Price-currencySymbol\">&#122;&#322;<\/span><\/bdi><\/span> <small class=\"tax_label\">(incl. VAT)<\/small><\/td>\n\t\t<\/tr>\n\n\t\t\n\t\t\n\t\t\n\t\t\n\t\t\n\t\t<tr class=\"order-total\">\n\t\t\t<th>Total<\/th>\n\t\t\t<td data-title=\"Total\"><strong><span class=\"woocommerce-Price-amount amount\"><bdi>3,690,00<span class=\"woocommerce-Price-currencySymbol\">&#122;&#322;<\/span><\/bdi><\/span><\/strong> <small class=\"includes_tax\">(includes <span class=\"woocommerce-Price-amount amount\">690,00<span class=\"woocommerce-Price-currencySymbol\">&#122;&#322;<\/span><\/span> Podatek)<\/small><\/td>\n\t\t<\/tr>\n\n\t\t\n\t<\/table>\n\n\t<div class=\"wc-proceed-to-checkout\">\n\t\t\n<a href=\"https:\/\/anti-fraud.pl\/?page_id=1135\" class=\"checkout-button button alt wc-forward\">\n\tProceed to checkout<\/a>\n\t<\/div>\n\n\t\n<\/div>\n<\/div>\n\n<\/div><\/div>\n","protected":false},"excerpt":{"rendered":"","protected":false},"author":1,"featured_media":0,"parent":0,"menu_order":0,"comment_status":"closed","ping_status":"closed","template":"","meta":{"_kad_blocks_custom_css":"","_kad_blocks_head_custom_js":"","_kad_blocks_body_custom_js":"","_kad_blocks_footer_custom_js":"","_kadence_starter_templates_imported_post":true,"_kad_post_transparent":"","_kad_post_title":"","_kad_post_layout":"","_kad_post_sidebar_id":"","_kad_post_content_style":"","_kad_post_vertical_padding":"","_kad_post_feature":"","_kad_post_feature_position":"","_kad_post_header":false,"_kad_post_footer":false,"footnotes":""},"class_list":["post-1134","page","type-page","status-publish","hentry"],"yoast_head":"<!-- This site is optimized with the Yoast SEO Premium plugin v20.4 (Yoast SEO v22.3) - https:\/\/yoast.com\/wordpress\/plugins\/seo\/ -->\n<title>Koszyk - ANTI-FRAUD<\/title>\n<meta name=\"robots\" content=\"index, follow, max-snippet:-1, max-image-preview:large, max-video-preview:-1\" \/>\n<link rel=\"canonical\" href=\"https:\/\/anti-fraud.pl\/?page_id=1134\" \/>\n<meta property=\"og:locale\" content=\"pl_PL\" \/>\n<meta property=\"og:type\" content=\"article\" \/>\n<meta property=\"og:title\" content=\"Koszyk\" \/>\n<meta property=\"og:url\" content=\"https:\/\/anti-fraud.pl\/?page_id=1134\" \/>\n<meta property=\"og:site_name\" content=\"ANTI-FRAUD\" \/>\n<meta property=\"article:publisher\" content=\"https:\/\/www.facebook.com\/100094584412723\" \/>\n<meta property=\"article:modified_time\" content=\"2023-04-06T12:26:50+00:00\" \/>\n<meta name=\"twitter:card\" content=\"summary_large_image\" \/>\n<meta name=\"twitter:site\" content=\"@audyt_sledczy\" \/>\n<script type=\"application\/ld+json\" class=\"yoast-schema-graph\">{\"@context\":\"https:\/\/schema.org\",\"@graph\":[{\"@type\":\"WebPage\",\"@id\":\"https:\/\/anti-fraud.pl\/?page_id=1134\",\"url\":\"https:\/\/anti-fraud.pl\/?page_id=1134\",\"name\":\"Koszyk - ANTI-FRAUD\",\"isPartOf\":{\"@id\":\"https:\/\/anti-fraud.pl\/#website\"},\"datePublished\":\"2020-11-17T07:13:56+00:00\",\"dateModified\":\"2023-04-06T12:26:50+00:00\",\"breadcrumb\":{\"@id\":\"https:\/\/anti-fraud.pl\/?page_id=1134#breadcrumb\"},\"inLanguage\":\"pl-PL\",\"potentialAction\":[{\"@type\":\"ReadAction\",\"target\":[\"https:\/\/anti-fraud.pl\/?page_id=1134\"]}]},{\"@type\":\"BreadcrumbList\",\"@id\":\"https:\/\/anti-fraud.pl\/?page_id=1134#breadcrumb\",\"itemListElement\":[{\"@type\":\"ListItem\",\"position\":1,\"name\":\"Strona g\u0142\u00f3wna\",\"item\":\"https:\/\/anti-fraud.pl\/\"},{\"@type\":\"ListItem\",\"position\":2,\"name\":\"Koszyk\"}]},{\"@type\":\"WebSite\",\"@id\":\"https:\/\/anti-fraud.pl\/#website\",\"url\":\"https:\/\/anti-fraud.pl\/\",\"name\":\"ANTI-FRAUD\",\"description\":\"Wykrywanie \/ Zapobieganie \/ Szkolenie\",\"publisher\":{\"@id\":\"https:\/\/anti-fraud.pl\/#organization\"},\"potentialAction\":[{\"@type\":\"SearchAction\",\"target\":{\"@type\":\"EntryPoint\",\"urlTemplate\":\"https:\/\/anti-fraud.pl\/?s={search_term_string}\"},\"query-input\":\"required name=search_term_string\"}],\"inLanguage\":\"pl-PL\"},{\"@type\":\"Organization\",\"@id\":\"https:\/\/anti-fraud.pl\/#organization\",\"name\":\"ANTI-FRAUD\",\"url\":\"https:\/\/anti-fraud.pl\/\",\"logo\":{\"@type\":\"ImageObject\",\"inLanguage\":\"pl-PL\",\"@id\":\"https:\/\/anti-fraud.pl\/#\/schema\/logo\/image\/\",\"url\":\"https:\/\/anti-fraud.pl\/wp-content\/uploads\/2023\/11\/logo-xlarge-\u2014-tarcza.png\",\"contentUrl\":\"https:\/\/anti-fraud.pl\/wp-content\/uploads\/2023\/11\/logo-xlarge-\u2014-tarcza.png\",\"width\":1519,\"height\":363,\"caption\":\"ANTI-FRAUD\"},\"image\":{\"@id\":\"https:\/\/anti-fraud.pl\/#\/schema\/logo\/image\/\"},\"sameAs\":[\"https:\/\/www.facebook.com\/100094584412723\",\"https:\/\/twitter.com\/audyt_sledczy\"]}]}<\/script>\n<!-- \/ Yoast SEO Premium plugin. -->","yoast_head_json":{"title":"Koszyk - ANTI-FRAUD","robots":{"index":"index","follow":"follow","max-snippet":"max-snippet:-1","max-image-preview":"max-image-preview:large","max-video-preview":"max-video-preview:-1"},"canonical":"https:\/\/anti-fraud.pl\/?page_id=1134","og_locale":"pl_PL","og_type":"article","og_title":"Koszyk","og_url":"https:\/\/anti-fraud.pl\/?page_id=1134","og_site_name":"ANTI-FRAUD","article_publisher":"https:\/\/www.facebook.com\/100094584412723","article_modified_time":"2023-04-06T12:26:50+00:00","twitter_card":"summary_large_image","twitter_site":"@audyt_sledczy","schema":{"@context":"https:\/\/schema.org","@graph":[{"@type":"WebPage","@id":"https:\/\/anti-fraud.pl\/?page_id=1134","url":"https:\/\/anti-fraud.pl\/?page_id=1134","name":"Koszyk - ANTI-FRAUD","isPartOf":{"@id":"https:\/\/anti-fraud.pl\/#website"},"datePublished":"2020-11-17T07:13:56+00:00","dateModified":"2023-04-06T12:26:50+00:00","breadcrumb":{"@id":"https:\/\/anti-fraud.pl\/?page_id=1134#breadcrumb"},"inLanguage":"pl-PL","potentialAction":[{"@type":"ReadAction","target":["https:\/\/anti-fraud.pl\/?page_id=1134"]}]},{"@type":"BreadcrumbList","@id":"https:\/\/anti-fraud.pl\/?page_id=1134#breadcrumb","itemListElement":[{"@type":"ListItem","position":1,"name":"Strona g\u0142\u00f3wna","item":"https:\/\/anti-fraud.pl\/"},{"@type":"ListItem","position":2,"name":"Koszyk"}]},{"@type":"WebSite","@id":"https:\/\/anti-fraud.pl\/#website","url":"https:\/\/anti-fraud.pl\/","name":"ANTI-FRAUD","description":"Wykrywanie \/ Zapobieganie \/ Szkolenie","publisher":{"@id":"https:\/\/anti-fraud.pl\/#organization"},"potentialAction":[{"@type":"SearchAction","target":{"@type":"EntryPoint","urlTemplate":"https:\/\/anti-fraud.pl\/?s={search_term_string}"},"query-input":"required name=search_term_string"}],"inLanguage":"pl-PL"},{"@type":"Organization","@id":"https:\/\/anti-fraud.pl\/#organization","name":"ANTI-FRAUD","url":"https:\/\/anti-fraud.pl\/","logo":{"@type":"ImageObject","inLanguage":"pl-PL","@id":"https:\/\/anti-fraud.pl\/#\/schema\/logo\/image\/","url":"https:\/\/anti-fraud.pl\/wp-content\/uploads\/2023\/11\/logo-xlarge-\u2014-tarcza.png","contentUrl":"https:\/\/anti-fraud.pl\/wp-content\/uploads\/2023\/11\/logo-xlarge-\u2014-tarcza.png","width":1519,"height":363,"caption":"ANTI-FRAUD"},"image":{"@id":"https:\/\/anti-fraud.pl\/#\/schema\/logo\/image\/"},"sameAs":["https:\/\/www.facebook.com\/100094584412723","https:\/\/twitter.com\/audyt_sledczy"]}]}},"featured_image_src_large":false,"author_info":{"display_name":"marcin","author_link":"https:\/\/anti-fraud.pl\/?author=1"},"comment_info":0,"taxonomy_info":[],"_links":{"self":[{"href":"https:\/\/anti-fraud.pl\/index.php?rest_route=\/wp\/v2\/pages\/1134","targetHints":{"allow":["GET"]}}],"collection":[{"href":"https:\/\/anti-fraud.pl\/index.php?rest_route=\/wp\/v2\/pages"}],"about":[{"href":"https:\/\/anti-fraud.pl\/index.php?rest_route=\/wp\/v2\/types\/page"}],"author":[{"embeddable":true,"href":"https:\/\/anti-fraud.pl\/index.php?rest_route=\/wp\/v2\/users\/1"}],"replies":[{"embeddable":true,"href":"https:\/\/anti-fraud.pl\/index.php?rest_route=%2Fwp%2Fv2%2Fcomments&post=1134"}],"version-history":[{"count":1,"href":"https:\/\/anti-fraud.pl\/index.php?rest_route=\/wp\/v2\/pages\/1134\/revisions"}],"predecessor-version":[{"id":1191,"href":"https:\/\/anti-fraud.pl\/index.php?rest_route=\/wp\/v2\/pages\/1134\/revisions\/1191"}],"wp:attachment":[{"href":"https:\/\/anti-fraud.pl\/index.php?rest_route=%2Fwp%2Fv2%2Fmedia&parent=1134"}],"curies":[{"name":"wp","href":"https:\/\/api.w.org\/{rel}","templated":true}]}}