{"id":1254,"date":"2023-03-19T15:40:16","date_gmt":"2023-03-19T15:40:16","guid":{"rendered":"http:\/\/anti-fraud.pl\/?page_id=1254"},"modified":"2024-05-22T10:18:55","modified_gmt":"2024-05-22T10:18:55","slug":"blog","status":"publish","type":"page","link":"https:\/\/anti-fraud.pl\/?page_id=1254","title":{"rendered":"Blog"},"content":{"rendered":"","protected":false},"excerpt":{"rendered":"","protected":false},"author":1,"featured_media":1892,"parent":0,"menu_order":0,"comment_status":"closed","ping_status":"closed","template":"","meta":{"_kad_blocks_custom_css":"","_kad_blocks_head_custom_js":"","_kad_blocks_body_custom_js":"","_kad_blocks_footer_custom_js":"","_kadence_starter_templates_imported_post":false,"_kad_post_transparent":"","_kad_post_title":"","_kad_post_layout":"","_kad_post_sidebar_id":"","_kad_post_content_style":"","_kad_post_vertical_padding":"","_kad_post_feature":"","_kad_post_feature_position":"","_kad_post_header":false,"_kad_post_footer":false,"footnotes":""},"class_list":["post-1254","page","type-page","status-publish","has-post-thumbnail","hentry"],"yoast_head":"<!-- This site is optimized with the Yoast SEO Premium plugin v20.4 (Yoast SEO v22.3) - https:\/\/yoast.com\/wordpress\/plugins\/seo\/ -->\n<title>Blog - ANTI-FRAUD<\/title>\n<meta name=\"description\" content=\"Specjalistyczny blog dla pracownik\u00f3w i firm, kt\u00f3rego przedmiotem jest tematyka zapobieganie oszustwom i korupcji oraz bezpiecze\u0144stwo informacji w firmie.\" \/>\n<meta name=\"robots\" content=\"index, follow, max-snippet:-1, max-image-preview:large, max-video-preview:-1\" \/>\n<link rel=\"canonical\" href=\"https:\/\/anti-fraud.pl\/?page_id=1254\" \/>\n<meta property=\"og:locale\" content=\"pl_PL\" \/>\n<meta property=\"og:type\" content=\"article\" \/>\n<meta property=\"og:title\" content=\"Blog\" \/>\n<meta property=\"og:description\" content=\"Specjalistyczny blog dla pracownik\u00f3w i firm, kt\u00f3rego przedmiotem jest tematyka zapobieganie oszustwom i korupcji oraz bezpiecze\u0144stwo informacji w firmie.\" \/>\n<meta property=\"og:url\" content=\"https:\/\/anti-fraud.pl\/?page_id=1254\" \/>\n<meta property=\"og:site_name\" content=\"ANTI-FRAUD\" \/>\n<meta property=\"article:publisher\" content=\"https:\/\/www.facebook.com\/100094584412723\" \/>\n<meta property=\"article:modified_time\" content=\"2024-05-22T10:18:55+00:00\" \/>\n<meta property=\"og:image\" content=\"https:\/\/anti-fraud.pl\/wp-content\/uploads\/2023\/03\/iStock-904115154.jpg\" \/>\n\t<meta property=\"og:image:width\" content=\"600\" \/>\n\t<meta property=\"og:image:height\" content=\"600\" \/>\n\t<meta property=\"og:image:type\" content=\"image\/jpeg\" \/>\n<meta name=\"twitter:card\" content=\"summary_large_image\" \/>\n<meta name=\"twitter:site\" content=\"@audyt_sledczy\" \/>\n<meta name=\"twitter:label1\" content=\"Szacowany czas czytania\" \/>\n\t<meta name=\"twitter:data1\" content=\"1 minuta\" \/>\n<script type=\"application\/ld+json\" class=\"yoast-schema-graph\">{\"@context\":\"https:\/\/schema.org\",\"@graph\":[{\"@type\":[\"WebPage\",\"CollectionPage\"],\"@id\":\"https:\/\/anti-fraud.pl\/?page_id=1254\",\"url\":\"https:\/\/anti-fraud.pl\/?page_id=1254\",\"name\":\"Blog - ANTI-FRAUD\",\"isPartOf\":{\"@id\":\"https:\/\/anti-fraud.pl\/#website\"},\"primaryImageOfPage\":{\"@id\":\"https:\/\/anti-fraud.pl\/?page_id=1254#primaryimage\"},\"image\":{\"@id\":\"https:\/\/anti-fraud.pl\/?page_id=1254#primaryimage\"},\"thumbnailUrl\":\"https:\/\/anti-fraud.pl\/wp-content\/uploads\/2023\/03\/iStock-904115154.jpg\",\"datePublished\":\"2023-03-19T15:40:16+00:00\",\"dateModified\":\"2024-05-22T10:18:55+00:00\",\"description\":\"Specjalistyczny blog dla pracownik\u00f3w i firm, kt\u00f3rego przedmiotem jest tematyka zapobieganie oszustwom i korupcji oraz bezpiecze\u0144stwo informacji w firmie.\",\"breadcrumb\":{\"@id\":\"https:\/\/anti-fraud.pl\/?page_id=1254#breadcrumb\"},\"inLanguage\":\"pl-PL\"},{\"@type\":\"ImageObject\",\"inLanguage\":\"pl-PL\",\"@id\":\"https:\/\/anti-fraud.pl\/?page_id=1254#primaryimage\",\"url\":\"https:\/\/anti-fraud.pl\/wp-content\/uploads\/2023\/03\/iStock-904115154.jpg\",\"contentUrl\":\"https:\/\/anti-fraud.pl\/wp-content\/uploads\/2023\/03\/iStock-904115154.jpg\",\"width\":600,\"height\":600,\"caption\":\"ANTI-FRAUD\"},{\"@type\":\"BreadcrumbList\",\"@id\":\"https:\/\/anti-fraud.pl\/?page_id=1254#breadcrumb\",\"itemListElement\":[{\"@type\":\"ListItem\",\"position\":1,\"name\":\"Strona g\u0142\u00f3wna\",\"item\":\"https:\/\/anti-fraud.pl\/\"},{\"@type\":\"ListItem\",\"position\":2,\"name\":\"Blog\"}]},{\"@type\":\"WebSite\",\"@id\":\"https:\/\/anti-fraud.pl\/#website\",\"url\":\"https:\/\/anti-fraud.pl\/\",\"name\":\"ANTI-FRAUD\",\"description\":\"Wykrywanie \/ Zapobieganie \/ Szkolenie\",\"publisher\":{\"@id\":\"https:\/\/anti-fraud.pl\/#organization\"},\"potentialAction\":[{\"@type\":\"SearchAction\",\"target\":{\"@type\":\"EntryPoint\",\"urlTemplate\":\"https:\/\/anti-fraud.pl\/?s={search_term_string}\"},\"query-input\":\"required name=search_term_string\"}],\"inLanguage\":\"pl-PL\"},{\"@type\":\"Organization\",\"@id\":\"https:\/\/anti-fraud.pl\/#organization\",\"name\":\"ANTI-FRAUD\",\"url\":\"https:\/\/anti-fraud.pl\/\",\"logo\":{\"@type\":\"ImageObject\",\"inLanguage\":\"pl-PL\",\"@id\":\"https:\/\/anti-fraud.pl\/#\/schema\/logo\/image\/\",\"url\":\"https:\/\/anti-fraud.pl\/wp-content\/uploads\/2023\/11\/logo-xlarge-\u2014-tarcza.png\",\"contentUrl\":\"https:\/\/anti-fraud.pl\/wp-content\/uploads\/2023\/11\/logo-xlarge-\u2014-tarcza.png\",\"width\":1519,\"height\":363,\"caption\":\"ANTI-FRAUD\"},\"image\":{\"@id\":\"https:\/\/anti-fraud.pl\/#\/schema\/logo\/image\/\"},\"sameAs\":[\"https:\/\/www.facebook.com\/100094584412723\",\"https:\/\/twitter.com\/audyt_sledczy\"]}]}<\/script>\n<!-- \/ Yoast SEO Premium plugin. -->","yoast_head_json":{"title":"Blog - ANTI-FRAUD","description":"Specjalistyczny blog dla pracownik\u00f3w i firm, kt\u00f3rego przedmiotem jest tematyka zapobieganie oszustwom i korupcji oraz bezpiecze\u0144stwo informacji w firmie.","robots":{"index":"index","follow":"follow","max-snippet":"max-snippet:-1","max-image-preview":"max-image-preview:large","max-video-preview":"max-video-preview:-1"},"canonical":"https:\/\/anti-fraud.pl\/?page_id=1254","og_locale":"pl_PL","og_type":"article","og_title":"Blog","og_description":"Specjalistyczny blog dla pracownik\u00f3w i firm, kt\u00f3rego przedmiotem jest tematyka zapobieganie oszustwom i korupcji oraz bezpiecze\u0144stwo informacji w firmie.","og_url":"https:\/\/anti-fraud.pl\/?page_id=1254","og_site_name":"ANTI-FRAUD","article_publisher":"https:\/\/www.facebook.com\/100094584412723","article_modified_time":"2024-05-22T10:18:55+00:00","og_image":[{"width":600,"height":600,"url":"https:\/\/anti-fraud.pl\/wp-content\/uploads\/2023\/03\/iStock-904115154.jpg","type":"image\/jpeg"}],"twitter_card":"summary_large_image","twitter_site":"@audyt_sledczy","twitter_misc":{"Szacowany czas czytania":"1 minuta"},"schema":{"@context":"https:\/\/schema.org","@graph":[{"@type":["WebPage","CollectionPage"],"@id":"https:\/\/anti-fraud.pl\/?page_id=1254","url":"https:\/\/anti-fraud.pl\/?page_id=1254","name":"Blog - ANTI-FRAUD","isPartOf":{"@id":"https:\/\/anti-fraud.pl\/#website"},"primaryImageOfPage":{"@id":"https:\/\/anti-fraud.pl\/?page_id=1254#primaryimage"},"image":{"@id":"https:\/\/anti-fraud.pl\/?page_id=1254#primaryimage"},"thumbnailUrl":"https:\/\/anti-fraud.pl\/wp-content\/uploads\/2023\/03\/iStock-904115154.jpg","datePublished":"2023-03-19T15:40:16+00:00","dateModified":"2024-05-22T10:18:55+00:00","description":"Specjalistyczny blog dla pracownik\u00f3w i firm, kt\u00f3rego przedmiotem jest tematyka zapobieganie oszustwom i korupcji oraz bezpiecze\u0144stwo informacji w firmie.","breadcrumb":{"@id":"https:\/\/anti-fraud.pl\/?page_id=1254#breadcrumb"},"inLanguage":"pl-PL"},{"@type":"ImageObject","inLanguage":"pl-PL","@id":"https:\/\/anti-fraud.pl\/?page_id=1254#primaryimage","url":"https:\/\/anti-fraud.pl\/wp-content\/uploads\/2023\/03\/iStock-904115154.jpg","contentUrl":"https:\/\/anti-fraud.pl\/wp-content\/uploads\/2023\/03\/iStock-904115154.jpg","width":600,"height":600,"caption":"ANTI-FRAUD"},{"@type":"BreadcrumbList","@id":"https:\/\/anti-fraud.pl\/?page_id=1254#breadcrumb","itemListElement":[{"@type":"ListItem","position":1,"name":"Strona g\u0142\u00f3wna","item":"https:\/\/anti-fraud.pl\/"},{"@type":"ListItem","position":2,"name":"Blog"}]},{"@type":"WebSite","@id":"https:\/\/anti-fraud.pl\/#website","url":"https:\/\/anti-fraud.pl\/","name":"ANTI-FRAUD","description":"Wykrywanie \/ Zapobieganie \/ Szkolenie","publisher":{"@id":"https:\/\/anti-fraud.pl\/#organization"},"potentialAction":[{"@type":"SearchAction","target":{"@type":"EntryPoint","urlTemplate":"https:\/\/anti-fraud.pl\/?s={search_term_string}"},"query-input":"required name=search_term_string"}],"inLanguage":"pl-PL"},{"@type":"Organization","@id":"https:\/\/anti-fraud.pl\/#organization","name":"ANTI-FRAUD","url":"https:\/\/anti-fraud.pl\/","logo":{"@type":"ImageObject","inLanguage":"pl-PL","@id":"https:\/\/anti-fraud.pl\/#\/schema\/logo\/image\/","url":"https:\/\/anti-fraud.pl\/wp-content\/uploads\/2023\/11\/logo-xlarge-\u2014-tarcza.png","contentUrl":"https:\/\/anti-fraud.pl\/wp-content\/uploads\/2023\/11\/logo-xlarge-\u2014-tarcza.png","width":1519,"height":363,"caption":"ANTI-FRAUD"},"image":{"@id":"https:\/\/anti-fraud.pl\/#\/schema\/logo\/image\/"},"sameAs":["https:\/\/www.facebook.com\/100094584412723","https:\/\/twitter.com\/audyt_sledczy"]}]}},"featured_image_src_large":["https:\/\/anti-fraud.pl\/wp-content\/uploads\/2023\/03\/iStock-904115154.jpg",600,600,false],"author_info":{"display_name":"marcin","author_link":"https:\/\/anti-fraud.pl\/?author=1"},"comment_info":0,"taxonomy_info":[],"_links":{"self":[{"href":"https:\/\/anti-fraud.pl\/index.php?rest_route=\/wp\/v2\/pages\/1254","targetHints":{"allow":["GET"]}}],"collection":[{"href":"https:\/\/anti-fraud.pl\/index.php?rest_route=\/wp\/v2\/pages"}],"about":[{"href":"https:\/\/anti-fraud.pl\/index.php?rest_route=\/wp\/v2\/types\/page"}],"author":[{"embeddable":true,"href":"https:\/\/anti-fraud.pl\/index.php?rest_route=\/wp\/v2\/users\/1"}],"replies":[{"embeddable":true,"href":"https:\/\/anti-fraud.pl\/index.php?rest_route=%2Fwp%2Fv2%2Fcomments&post=1254"}],"version-history":[{"count":1,"href":"https:\/\/anti-fraud.pl\/index.php?rest_route=\/wp\/v2\/pages\/1254\/revisions"}],"predecessor-version":[{"id":1255,"href":"https:\/\/anti-fraud.pl\/index.php?rest_route=\/wp\/v2\/pages\/1254\/revisions\/1255"}],"wp:featuredmedia":[{"embeddable":true,"href":"https:\/\/anti-fraud.pl\/index.php?rest_route=\/wp\/v2\/media\/1892"}],"wp:attachment":[{"href":"https:\/\/anti-fraud.pl\/index.php?rest_route=%2Fwp%2Fv2%2Fmedia&parent=1254"}],"curies":[{"name":"wp","href":"https:\/\/api.w.org\/{rel}","templated":true}]}}