{"id":1846,"date":"2023-03-25T22:41:19","date_gmt":"2023-03-25T22:41:19","guid":{"rendered":"http:\/\/anti-fraud.pl\/?post_type=product&#038;p=1846"},"modified":"2024-08-08T17:17:32","modified_gmt":"2024-08-08T17:17:32","slug":"obsluga-sygnalistow-weryfikacja-przez-audytora","status":"publish","type":"product","link":"https:\/\/anti-fraud.pl\/?product=obsluga-sygnalistow-weryfikacja-przez-audytora","title":{"rendered":"Obs\u0142uga sygnalist\u00f3w &#8211; weryfikacja zg\u0142oszenia"},"content":{"rendered":"<p>Oferujemy kompleksow\u0105 implementacj\u0119 obowi\u0105zk\u00f3w prawnych wynikaj\u0105cych z Dyrektywy Parlamentu Europejskiego i Rady (UE) 2019\/1937 w sprawie ochrony os\u00f3b zg\u0142aszaj\u0105cych naruszenia prawa Unii oraz projektu ustawy o ochronie os\u00f3b zg\u0142aszaj\u0105cych naruszenia prawa.<\/p>\n<p><strong>Co uzyskasz<\/strong>: w ramach \u015bwiadczonej us\u0142ugi audytor \u015bledczy dokona prawnokarnej oceny zg\u0142oszenia dokonanego przez sygnalist\u0119 oraz zaproponuje spos\u00f3b post\u0119powania w danej sprawie.<\/p>\n<p><strong>Jak zrealizowa\u0107 zam\u00f3wienie<\/strong>: po wykupieniu us\u0142ugi skontaktuj si\u0119 ze mn\u0105 w celu om\u00f3wienia szczeg\u00f3\u0142\u00f3w realizacji us\u0142ugi. Kontakt jest mo\u017cliwy telefonicznie pod numerem telefonu: <strong>+48 790 730 918\u00a0<\/strong> lub mailowo pod adresem: <strong>biuro@anti-fraud.pl<\/strong> b\u0105d\u017a za po\u015brednictwem formularza kontaktowego dost\u0119pnego w zak\u0142adce kontakt.<\/p>\n<p><em>Przed zakupem prosz\u0119 si\u0119 zapozna\u0107 z Regulaminem sklepu,<\/em>\u00a0<em>Polityk\u0105 prywatno\u015bci oraz klauzul\u0105 informacyjn\u0105 RODO.<\/em><\/p>\n<p><strong>Zapraszamy do kontaktu:<\/strong><\/p>\n<div class=\"wpforms-container wpforms-container-full\" id=\"wpforms-2050\"><form id=\"wpforms-form-2050\" class=\"wpforms-validate wpforms-form wpforms-ajax-form\" data-formid=\"2050\" method=\"post\" enctype=\"multipart\/form-data\" action=\"\/index.php?rest_route=%2Fwp%2Fv2%2Fproduct%2F1846\" data-token=\"2d0b25ee3d98686d917f5416f9ba8b30\"><noscript class=\"wpforms-error-noscript\">Aby wype\u0142ni\u0107 ten formularz, w\u0142\u0105cz obs\u0142ug\u0119 JavaScript w przegl\u0105darce.<\/noscript><div class=\"wpforms-field-container\"><div id=\"wpforms-2050-field_0-container\" class=\"wpforms-field wpforms-field-name\" data-field-id=\"0\"><label class=\"wpforms-field-label\" for=\"wpforms-2050-field_0\">Imi\u0119 <span class=\"wpforms-required-label\">*<\/span><\/label><input type=\"text\" id=\"wpforms-2050-field_0\" class=\"wpforms-field-large wpforms-field-required\" name=\"wpforms[fields][0]\" required><\/div><div id=\"wpforms-2050-field_1-container\" class=\"wpforms-field wpforms-field-email\" data-field-id=\"1\"><label class=\"wpforms-field-label\" for=\"wpforms-2050-field_1\">E-mail <span class=\"wpforms-required-label\">*<\/span><\/label><input type=\"email\" id=\"wpforms-2050-field_1\" class=\"wpforms-field-large wpforms-field-required\" name=\"wpforms[fields][1]\" required><\/div><div id=\"wpforms-2050-field_3-container\" class=\"wpforms-field wpforms-field-phone\" data-field-id=\"3\"><label class=\"wpforms-field-label\" for=\"wpforms-2050-field_3\">Telefon<\/label><input type=\"tel\" id=\"wpforms-2050-field_3\" class=\"wpforms-field-large wpforms-smart-phone-field\" data-rule-smart-phone-field=\"true\" name=\"wpforms[fields][3]\" ><\/div><div id=\"wpforms-2050-field_2-container\" class=\"wpforms-field wpforms-field-textarea\" data-field-id=\"2\"><label class=\"wpforms-field-label\" for=\"wpforms-2050-field_2\">Komentarz lub wiadomo\u015b\u0107<\/label><textarea id=\"wpforms-2050-field_2\" class=\"wpforms-field-medium\" name=\"wpforms[fields][2]\" placeholder=\"Jestem zainteresowany ofert\u0105. Prosz\u0119 o kontakt.\" ><\/textarea><\/div><div id=\"wpforms-2050-field_4-container\" class=\"wpforms-field wpforms-field-checkbox\" data-field-id=\"4\"><label class=\"wpforms-field-label\" for=\"wpforms-2050-field_4\">Pola wyboru <span class=\"wpforms-required-label\">*<\/span><\/label><ul id=\"wpforms-2050-field_4\" class=\"wpforms-field-required\"><li class=\"choice-1 depth-1\"><input type=\"checkbox\" id=\"wpforms-2050-field_4_1\" name=\"wpforms[fields][4][]\" value=\"Akceptuj\u0119 polityk\u0119 prywatno\u015bci tej strony\" required ><label class=\"wpforms-field-label-inline\" for=\"wpforms-2050-field_4_1\">Akceptuj\u0119 polityk\u0119 prywatno\u015bci tej strony<\/label><\/li><li class=\"choice-2 depth-1\"><input type=\"checkbox\" id=\"wpforms-2050-field_4_2\" name=\"wpforms[fields][4][]\" value=\"Wyra\u017cam zgod\u0119 na przetwarzanie moich danych osobowych w celu odpowiedzi na zadane pytanie\" required ><label class=\"wpforms-field-label-inline\" for=\"wpforms-2050-field_4_2\">Wyra\u017cam zgod\u0119 na przetwarzanie moich danych osobowych w celu odpowiedzi na zadane pytanie<\/label><\/li><\/ul><\/div><\/div><div class=\"wpforms-submit-container\"><input type=\"hidden\" name=\"wpforms[id]\" value=\"2050\"><input type=\"hidden\" name=\"wpforms[author]\" value=\"1\"><button type=\"submit\" name=\"wpforms[submit]\" id=\"wpforms-submit-2050\" class=\"wpforms-submit\" data-alt-text=\"Wysy\u0142anie...\" data-submit-text=\"Prze\u015blij\" aria-live=\"assertive\" value=\"wpforms-submit\">Prze\u015blij<\/button><img decoding=\"async\" src=\"https:\/\/anti-fraud.pl\/wp-content\/plugins\/wpforms\/assets\/images\/submit-spin.svg\" class=\"wpforms-submit-spinner\" style=\"display: none;\" width=\"26\" height=\"26\" alt=\"Wczytywanie\"><\/div><\/form><\/div>  <!-- .wpforms-container -->\n","protected":false},"excerpt":{"rendered":"<p><strong>Obs\u0142uga sygnalist\u00f3w &#8211; WST\u0118PNA WERYFIKACJA\u00a0<\/strong><\/p>\n<p>W ramach \u015bwiadczonej us\u0142ugi oferujemy wst\u0119pn\u0105 weryfikacj\u0119 zg\u0142oszenia przez audytora \u015bledczego.<\/p>\n<p><strong>Dok\u0142adny opis us\u0142ugi znajduje si\u0119 poni\u017cej.<\/strong><\/p>\n","protected":false},"featured_media":1885,"template":"","meta":{"_kad_blocks_custom_css":"","_kad_blocks_head_custom_js":"","_kad_blocks_body_custom_js":"","_kad_blocks_footer_custom_js":"","_kadence_starter_templates_imported_post":false,"_kad_post_transparent":"default","_kad_post_title":"","_kad_post_layout":"default","_kad_post_sidebar_id":"","_kad_post_content_style":"default","_kad_post_vertical_padding":"default","_kad_post_feature":"","_kad_post_feature_position":"","_kad_post_header":false,"_kad_post_footer":false},"product_cat":[36,35],"product_tag":[174,169,168,304,303,306,307,295,309,299,294,302,288,300,291,293,301,310,308,290,305,297,296,289,298,292],"class_list":{"0":"post-1846","1":"product","2":"type-product","3":"status-publish","4":"has-post-thumbnail","6":"product_cat-audyt","7":"product_cat-sygnalisci","8":"product_tag-compliance","9":"product_tag-sygnalisci","10":"product_tag-whistleblowing","11":"product_tag-anonimowe-zgloszenia","12":"product_tag-bezpieczenstwo-informacji","13":"product_tag-compliance-management","14":"product_tag-ethical-business-practices","15":"product_tag-etyka-w-biznesie","16":"product_tag-fraud-prevention","17":"product_tag-kanal-zgloszen","18":"product_tag-kanaly-zglaszania","19":"product_tag-narzedzia-zglaszania","20":"product_tag-obsluga-sygnalistow","21":"product_tag-ochrona-prawna-sygnalistow","22":"product_tag-ochrona-sygnalistow","23":"product_tag-polityka-zgodnosci","24":"product_tag-raportowanie-naduzyc","25":"product_tag-reporting-tools","26":"product_tag-risk-management","27":"product_tag-systemy-zglaszania","28":"product_tag-whistleblower-protection","29":"product_tag-zapobieganie-naduzyciom","30":"product_tag-zarzadzanie-ryzykiem","31":"product_tag-zarzadzanie-zgloszeniami","32":"product_tag-zarzadzanie-zgodnoscia","33":"product_tag-zgodnosc-z-przepisami","35":"first","36":"instock","37":"taxable","38":"shipping-taxable","39":"purchasable","40":"product-type-simple","41":"entry","42":"content-bg","43":"loop-entry"},"yoast_head":"<!-- This site is optimized with the Yoast SEO Premium plugin v20.4 (Yoast SEO v22.3) - https:\/\/yoast.com\/wordpress\/plugins\/seo\/ -->\n<title>Obs\u0142uga sygnalist\u00f3w - weryfikacja zg\u0142oszenia - ANTI-FRAUD<\/title>\n<meta name=\"robots\" content=\"index, follow, max-snippet:-1, max-image-preview:large, max-video-preview:-1\" \/>\n<link rel=\"canonical\" href=\"https:\/\/anti-fraud.pl\/?product=obsluga-sygnalistow-weryfikacja-przez-audytora\" \/>\n<meta property=\"og:locale\" content=\"pl_PL\" \/>\n<meta property=\"og:type\" content=\"article\" \/>\n<meta property=\"og:title\" content=\"Obs\u0142uga sygnalist\u00f3w - weryfikacja zg\u0142oszenia\" \/>\n<meta property=\"og:description\" content=\"Obs\u0142uga sygnalist\u00f3w - WST\u0118PNA WERYFIKACJA\u00a0  W ramach \u015bwiadczonej us\u0142ugi oferujemy wst\u0119pn\u0105 weryfikacj\u0119 zg\u0142oszenia przez audytora \u015bledczego.  Dok\u0142adny opis us\u0142ugi znajduje si\u0119 poni\u017cej.\" \/>\n<meta property=\"og:url\" content=\"https:\/\/anti-fraud.pl\/?product=obsluga-sygnalistow-weryfikacja-przez-audytora\" \/>\n<meta property=\"og:site_name\" content=\"ANTI-FRAUD\" \/>\n<meta property=\"article:publisher\" content=\"https:\/\/www.facebook.com\/100094584412723\" \/>\n<meta property=\"article:modified_time\" content=\"2024-08-08T17:17:32+00:00\" \/>\n<meta property=\"og:image\" content=\"https:\/\/anti-fraud.pl\/wp-content\/uploads\/2023\/03\/iStock-533837953.jpg\" \/>\n\t<meta property=\"og:image:width\" content=\"600\" \/>\n\t<meta property=\"og:image:height\" content=\"600\" \/>\n\t<meta property=\"og:image:type\" content=\"image\/jpeg\" \/>\n<meta name=\"twitter:card\" content=\"summary_large_image\" \/>\n<meta name=\"twitter:site\" content=\"@audyt_sledczy\" \/>\n<meta name=\"twitter:label1\" content=\"Szacowany czas czytania\" \/>\n\t<meta name=\"twitter:data1\" content=\"1 minuta\" \/>\n<script type=\"application\/ld+json\" class=\"yoast-schema-graph\">{\"@context\":\"https:\/\/schema.org\",\"@graph\":[{\"@type\":\"WebPage\",\"@id\":\"https:\/\/anti-fraud.pl\/?product=obsluga-sygnalistow-weryfikacja-przez-audytora\",\"url\":\"https:\/\/anti-fraud.pl\/?product=obsluga-sygnalistow-weryfikacja-przez-audytora\",\"name\":\"Obs\u0142uga sygnalist\u00f3w - weryfikacja zg\u0142oszenia - ANTI-FRAUD\",\"isPartOf\":{\"@id\":\"https:\/\/anti-fraud.pl\/#website\"},\"primaryImageOfPage\":{\"@id\":\"https:\/\/anti-fraud.pl\/?product=obsluga-sygnalistow-weryfikacja-przez-audytora#primaryimage\"},\"image\":{\"@id\":\"https:\/\/anti-fraud.pl\/?product=obsluga-sygnalistow-weryfikacja-przez-audytora#primaryimage\"},\"thumbnailUrl\":\"https:\/\/anti-fraud.pl\/wp-content\/uploads\/2023\/03\/iStock-533837953.jpg\",\"datePublished\":\"2023-03-25T22:41:19+00:00\",\"dateModified\":\"2024-08-08T17:17:32+00:00\",\"breadcrumb\":{\"@id\":\"https:\/\/anti-fraud.pl\/?product=obsluga-sygnalistow-weryfikacja-przez-audytora#breadcrumb\"},\"inLanguage\":\"pl-PL\",\"potentialAction\":[{\"@type\":\"ReadAction\",\"target\":[\"https:\/\/anti-fraud.pl\/?product=obsluga-sygnalistow-weryfikacja-przez-audytora\"]}]},{\"@type\":\"ImageObject\",\"inLanguage\":\"pl-PL\",\"@id\":\"https:\/\/anti-fraud.pl\/?product=obsluga-sygnalistow-weryfikacja-przez-audytora#primaryimage\",\"url\":\"https:\/\/anti-fraud.pl\/wp-content\/uploads\/2023\/03\/iStock-533837953.jpg\",\"contentUrl\":\"https:\/\/anti-fraud.pl\/wp-content\/uploads\/2023\/03\/iStock-533837953.jpg\",\"width\":600,\"height\":600,\"caption\":\"533837953\"},{\"@type\":\"BreadcrumbList\",\"@id\":\"https:\/\/anti-fraud.pl\/?product=obsluga-sygnalistow-weryfikacja-przez-audytora#breadcrumb\",\"itemListElement\":[{\"@type\":\"ListItem\",\"position\":1,\"name\":\"Strona g\u0142\u00f3wna\",\"item\":\"https:\/\/anti-fraud.pl\/\"},{\"@type\":\"ListItem\",\"position\":2,\"name\":\"Sklep\",\"item\":\"https:\/\/anti-fraud.pl\/?page_id=5\"},{\"@type\":\"ListItem\",\"position\":3,\"name\":\"Obs\u0142uga sygnalist\u00f3w &#8211; weryfikacja zg\u0142oszenia\"}]},{\"@type\":\"WebSite\",\"@id\":\"https:\/\/anti-fraud.pl\/#website\",\"url\":\"https:\/\/anti-fraud.pl\/\",\"name\":\"ANTI-FRAUD\",\"description\":\"Wykrywanie \/ Zapobieganie \/ Szkolenie\",\"publisher\":{\"@id\":\"https:\/\/anti-fraud.pl\/#organization\"},\"potentialAction\":[{\"@type\":\"SearchAction\",\"target\":{\"@type\":\"EntryPoint\",\"urlTemplate\":\"https:\/\/anti-fraud.pl\/?s={search_term_string}\"},\"query-input\":\"required name=search_term_string\"}],\"inLanguage\":\"pl-PL\"},{\"@type\":\"Organization\",\"@id\":\"https:\/\/anti-fraud.pl\/#organization\",\"name\":\"ANTI-FRAUD\",\"url\":\"https:\/\/anti-fraud.pl\/\",\"logo\":{\"@type\":\"ImageObject\",\"inLanguage\":\"pl-PL\",\"@id\":\"https:\/\/anti-fraud.pl\/#\/schema\/logo\/image\/\",\"url\":\"https:\/\/anti-fraud.pl\/wp-content\/uploads\/2023\/11\/logo-xlarge-\u2014-tarcza.png\",\"contentUrl\":\"https:\/\/anti-fraud.pl\/wp-content\/uploads\/2023\/11\/logo-xlarge-\u2014-tarcza.png\",\"width\":1519,\"height\":363,\"caption\":\"ANTI-FRAUD\"},\"image\":{\"@id\":\"https:\/\/anti-fraud.pl\/#\/schema\/logo\/image\/\"},\"sameAs\":[\"https:\/\/www.facebook.com\/100094584412723\",\"https:\/\/twitter.com\/audyt_sledczy\"]}]}<\/script>\n<!-- \/ Yoast SEO Premium plugin. -->","yoast_head_json":{"title":"Obs\u0142uga sygnalist\u00f3w - weryfikacja zg\u0142oszenia - ANTI-FRAUD","robots":{"index":"index","follow":"follow","max-snippet":"max-snippet:-1","max-image-preview":"max-image-preview:large","max-video-preview":"max-video-preview:-1"},"canonical":"https:\/\/anti-fraud.pl\/?product=obsluga-sygnalistow-weryfikacja-przez-audytora","og_locale":"pl_PL","og_type":"article","og_title":"Obs\u0142uga sygnalist\u00f3w - weryfikacja zg\u0142oszenia","og_description":"Obs\u0142uga sygnalist\u00f3w - WST\u0118PNA WERYFIKACJA\u00a0  W ramach \u015bwiadczonej us\u0142ugi oferujemy wst\u0119pn\u0105 weryfikacj\u0119 zg\u0142oszenia przez audytora \u015bledczego.  Dok\u0142adny opis us\u0142ugi znajduje si\u0119 poni\u017cej.","og_url":"https:\/\/anti-fraud.pl\/?product=obsluga-sygnalistow-weryfikacja-przez-audytora","og_site_name":"ANTI-FRAUD","article_publisher":"https:\/\/www.facebook.com\/100094584412723","article_modified_time":"2024-08-08T17:17:32+00:00","og_image":[{"width":600,"height":600,"url":"https:\/\/anti-fraud.pl\/wp-content\/uploads\/2023\/03\/iStock-533837953.jpg","type":"image\/jpeg"}],"twitter_card":"summary_large_image","twitter_site":"@audyt_sledczy","twitter_misc":{"Szacowany czas czytania":"1 minuta"},"schema":{"@context":"https:\/\/schema.org","@graph":[{"@type":"WebPage","@id":"https:\/\/anti-fraud.pl\/?product=obsluga-sygnalistow-weryfikacja-przez-audytora","url":"https:\/\/anti-fraud.pl\/?product=obsluga-sygnalistow-weryfikacja-przez-audytora","name":"Obs\u0142uga sygnalist\u00f3w - weryfikacja zg\u0142oszenia - ANTI-FRAUD","isPartOf":{"@id":"https:\/\/anti-fraud.pl\/#website"},"primaryImageOfPage":{"@id":"https:\/\/anti-fraud.pl\/?product=obsluga-sygnalistow-weryfikacja-przez-audytora#primaryimage"},"image":{"@id":"https:\/\/anti-fraud.pl\/?product=obsluga-sygnalistow-weryfikacja-przez-audytora#primaryimage"},"thumbnailUrl":"https:\/\/anti-fraud.pl\/wp-content\/uploads\/2023\/03\/iStock-533837953.jpg","datePublished":"2023-03-25T22:41:19+00:00","dateModified":"2024-08-08T17:17:32+00:00","breadcrumb":{"@id":"https:\/\/anti-fraud.pl\/?product=obsluga-sygnalistow-weryfikacja-przez-audytora#breadcrumb"},"inLanguage":"pl-PL","potentialAction":[{"@type":"ReadAction","target":["https:\/\/anti-fraud.pl\/?product=obsluga-sygnalistow-weryfikacja-przez-audytora"]}]},{"@type":"ImageObject","inLanguage":"pl-PL","@id":"https:\/\/anti-fraud.pl\/?product=obsluga-sygnalistow-weryfikacja-przez-audytora#primaryimage","url":"https:\/\/anti-fraud.pl\/wp-content\/uploads\/2023\/03\/iStock-533837953.jpg","contentUrl":"https:\/\/anti-fraud.pl\/wp-content\/uploads\/2023\/03\/iStock-533837953.jpg","width":600,"height":600,"caption":"533837953"},{"@type":"BreadcrumbList","@id":"https:\/\/anti-fraud.pl\/?product=obsluga-sygnalistow-weryfikacja-przez-audytora#breadcrumb","itemListElement":[{"@type":"ListItem","position":1,"name":"Strona g\u0142\u00f3wna","item":"https:\/\/anti-fraud.pl\/"},{"@type":"ListItem","position":2,"name":"Sklep","item":"https:\/\/anti-fraud.pl\/?page_id=5"},{"@type":"ListItem","position":3,"name":"Obs\u0142uga sygnalist\u00f3w &#8211; weryfikacja zg\u0142oszenia"}]},{"@type":"WebSite","@id":"https:\/\/anti-fraud.pl\/#website","url":"https:\/\/anti-fraud.pl\/","name":"ANTI-FRAUD","description":"Wykrywanie \/ Zapobieganie \/ Szkolenie","publisher":{"@id":"https:\/\/anti-fraud.pl\/#organization"},"potentialAction":[{"@type":"SearchAction","target":{"@type":"EntryPoint","urlTemplate":"https:\/\/anti-fraud.pl\/?s={search_term_string}"},"query-input":"required name=search_term_string"}],"inLanguage":"pl-PL"},{"@type":"Organization","@id":"https:\/\/anti-fraud.pl\/#organization","name":"ANTI-FRAUD","url":"https:\/\/anti-fraud.pl\/","logo":{"@type":"ImageObject","inLanguage":"pl-PL","@id":"https:\/\/anti-fraud.pl\/#\/schema\/logo\/image\/","url":"https:\/\/anti-fraud.pl\/wp-content\/uploads\/2023\/11\/logo-xlarge-\u2014-tarcza.png","contentUrl":"https:\/\/anti-fraud.pl\/wp-content\/uploads\/2023\/11\/logo-xlarge-\u2014-tarcza.png","width":1519,"height":363,"caption":"ANTI-FRAUD"},"image":{"@id":"https:\/\/anti-fraud.pl\/#\/schema\/logo\/image\/"},"sameAs":["https:\/\/www.facebook.com\/100094584412723","https:\/\/twitter.com\/audyt_sledczy"]}]}},"featured_image_src_large":["https:\/\/anti-fraud.pl\/wp-content\/uploads\/2023\/03\/iStock-533837953.jpg",600,600,false],"author_info":[],"comment_info":"","taxonomy_info":{"product_cat":[{"value":36,"label":"Audyt"},{"value":35,"label":"Sygnali\u015bci"}],"product_tag":[{"value":174,"label":"#compliance"},{"value":169,"label":"#sygnali\u015bci"},{"value":168,"label":"#whistleblowing"},{"value":304,"label":"anonimowe zg\u0142oszenia"},{"value":303,"label":"bezpiecze\u0144stwo informacji"},{"value":306,"label":"compliance management"},{"value":307,"label":"ethical business practices"},{"value":295,"label":"etyka w biznesie"},{"value":309,"label":"fraud prevention"},{"value":299,"label":"kana\u0142 zg\u0142osze\u0144"},{"value":294,"label":"kana\u0142y zg\u0142aszania"},{"value":302,"label":"narz\u0119dzia zg\u0142aszania"},{"value":288,"label":"obs\u0142uga sygnalist\u00f3w"},{"value":300,"label":"ochrona prawna sygnalist\u00f3w"},{"value":291,"label":"ochrona sygnalist\u00f3w"},{"value":293,"label":"polityka zgodno\u015bci"},{"value":301,"label":"raportowanie nadu\u017cy\u0107"},{"value":310,"label":"reporting tools"},{"value":308,"label":"risk management"},{"value":290,"label":"systemy zg\u0142aszania"},{"value":305,"label":"whistleblower protection"},{"value":297,"label":"zapobieganie nadu\u017cyciom"},{"value":296,"label":"zarz\u0105dzanie ryzykiem"},{"value":289,"label":"zarz\u0105dzanie zg\u0142oszeniami"},{"value":298,"label":"zarz\u0105dzanie zgodno\u015bci\u0105"},{"value":292,"label":"zgodno\u015b\u0107 z przepisami"}]},"_links":{"self":[{"href":"https:\/\/anti-fraud.pl\/index.php?rest_route=\/wp\/v2\/product\/1846","targetHints":{"allow":["GET"]}}],"collection":[{"href":"https:\/\/anti-fraud.pl\/index.php?rest_route=\/wp\/v2\/product"}],"about":[{"href":"https:\/\/anti-fraud.pl\/index.php?rest_route=\/wp\/v2\/types\/product"}],"wp:featuredmedia":[{"embeddable":true,"href":"https:\/\/anti-fraud.pl\/index.php?rest_route=\/wp\/v2\/media\/1885"}],"wp:attachment":[{"href":"https:\/\/anti-fraud.pl\/index.php?rest_route=%2Fwp%2Fv2%2Fmedia&parent=1846"}],"wp:term":[{"taxonomy":"product_cat","embeddable":true,"href":"https:\/\/anti-fraud.pl\/index.php?rest_route=%2Fwp%2Fv2%2Fproduct_cat&post=1846"},{"taxonomy":"product_tag","embeddable":true,"href":"https:\/\/anti-fraud.pl\/index.php?rest_route=%2Fwp%2Fv2%2Fproduct_tag&post=1846"}],"curies":[{"name":"wp","href":"https:\/\/api.w.org\/{rel}","templated":true}]}}