{"id":1893,"date":"2023-03-27T12:10:25","date_gmt":"2023-03-27T12:10:25","guid":{"rendered":"http:\/\/anti-fraud.pl\/?post_type=product&#038;p=1893"},"modified":"2025-02-18T13:33:03","modified_gmt":"2025-02-18T13:33:03","slug":"przeciwdzialanie-korupcji-szkolenie","status":"publish","type":"product","link":"https:\/\/anti-fraud.pl\/?product=przeciwdzialanie-korupcji-szkolenie","title":{"rendered":"Przeciwdzia\u0142anie korupcji &#8211; szkolenie dla przedsi\u0119biorc\u00f3w"},"content":{"rendered":"<p><strong>Co uzyskasz<\/strong>: szkolenie dla pracownik\u00f3w Twojej organizacji w zakresie przeciwdzia\u0142ania korupcji \u2013 3 godziny.<\/p>\n<p>Celem szkolenia jest zapoznanie z problematyk\u0105 korupcji w tym z obowi\u0105zuj\u0105cymi przepisami karnymi oraz przygotowanie pracownik\u00f3w do w\u0142a\u015bciwego zachowania w przypadku wyst\u0105pienia zdarzenia korupcyjnego.<\/p>\n<p><strong>Program szkolenia:<\/strong><\/p>\n<ul>\n<li>Definicja korupcji;<\/li>\n<li>Prawno-karne aspekty przest\u0119pstw korupcyjnych;<\/li>\n<li>Osoba pe\u0142ni\u0105ca funkcj\u0119 publiczn\u0105, a funkcjonariusz publiczny;<\/li>\n<li>Korzy\u015b\u0107 osobista, obietnica korzy\u015bci osobistej;<\/li>\n<li>Korzy\u015b\u0107 ma\u0142ej warto\u015bci, a zwyczaj;<\/li>\n<li>Sprzedajno\u015b\u0107 pe\u0142ni\u0105cego funkcj\u0119 publiczn\u0105 &#8211; znamiona ustawowe, zagro\u017cenie kar\u0105;<\/li>\n<li>Przekupstwo &#8211; znamiona ustawowe, zagro\u017cenie kar\u0105;<\/li>\n<li>P\u0142atna protekcja &#8211; znamiona ustawowe, zagro\u017cenie kar\u0105;<\/li>\n<li>Korupcja gospodarcza (menad\u017cerska) &#8211; znamiona ustawowe, zagro\u017cenie kar\u0105;<\/li>\n<li>Pozaprawne aspekty przest\u0119pstw korupcyjnych;<\/li>\n<li>Algorytm zachowania w przypadku wyst\u0105pienia zdarzenia korupcyjnego;<\/li>\n<li>Organy uprawnione do \u015bcigania przest\u0119pstw korupcyjnych;<\/li>\n<li>Uprawnienia organ\u00f3w pa\u0144stwowych w zakresie \u015bcigania przest\u0119pstw korupcyjnych.<\/li>\n<\/ul>\n<p><strong>Dla kogo przeznaczone jest szkolenie:<\/strong> kadry zarz\u0105dzaj\u0105cej oraz pracownik\u00f3w zajmuj\u0105cych stanowiska nara\u017cone na wyst\u0105pienie zjawiska korupcji.<\/p>\n<p><strong>Jak zrealizowa\u0107 zam\u00f3wienie<\/strong>: po wykupieniu us\u0142ugi skontaktuj si\u0119 ze mn\u0105 w celu om\u00f3wienia szczeg\u00f3\u0142\u00f3w realizacji us\u0142ugi. Kontakt jest mo\u017cliwy telefonicznie pod numerem telefonu:\u00a0<strong>+48 790 730 918\u00a0<\/strong>\u00a0lub mailowo pod adresem:\u00a0<strong>biuro@anti-fraud.pl<\/strong>\u00a0b\u0105d\u017a za po\u015brednictwem formularza kontaktowego dost\u0119pnego w zak\u0142adce kontakt.<\/p>\n<p><strong>Cena obowi\u0105zuje dla szkole\u0144 na terenie woj. pomorskiego lub online.\u00a0<\/strong><\/p>\n<p><em>Przed zakupem prosz\u0119 si\u0119 zapozna\u0107 z Regulaminem sklepu,<\/em>\u00a0<em>Polityk\u0105 prywatno\u015bci i cookies oraz klauzul\u0105 informacyjn\u0105 RODO.<\/em><\/p>\n<p><strong>Zapraszamy do kontaktu:<\/strong><\/p>\n<div class=\"wpforms-container wpforms-container-full\" id=\"wpforms-2050\"><form id=\"wpforms-form-2050\" class=\"wpforms-validate wpforms-form wpforms-ajax-form\" data-formid=\"2050\" method=\"post\" enctype=\"multipart\/form-data\" action=\"\/index.php?rest_route=%2Fwp%2Fv2%2Fproduct%2F1893\" data-token=\"2d0b25ee3d98686d917f5416f9ba8b30\"><noscript class=\"wpforms-error-noscript\">Aby wype\u0142ni\u0107 ten formularz, w\u0142\u0105cz obs\u0142ug\u0119 JavaScript w przegl\u0105darce.<\/noscript><div class=\"wpforms-field-container\"><div id=\"wpforms-2050-field_0-container\" class=\"wpforms-field wpforms-field-name\" data-field-id=\"0\"><label class=\"wpforms-field-label\" for=\"wpforms-2050-field_0\">Imi\u0119 <span class=\"wpforms-required-label\">*<\/span><\/label><input type=\"text\" id=\"wpforms-2050-field_0\" class=\"wpforms-field-large wpforms-field-required\" name=\"wpforms[fields][0]\" required><\/div><div id=\"wpforms-2050-field_1-container\" class=\"wpforms-field wpforms-field-email\" data-field-id=\"1\"><label class=\"wpforms-field-label\" for=\"wpforms-2050-field_1\">E-mail <span class=\"wpforms-required-label\">*<\/span><\/label><input type=\"email\" id=\"wpforms-2050-field_1\" class=\"wpforms-field-large wpforms-field-required\" name=\"wpforms[fields][1]\" required><\/div><div id=\"wpforms-2050-field_3-container\" class=\"wpforms-field wpforms-field-phone\" data-field-id=\"3\"><label class=\"wpforms-field-label\" for=\"wpforms-2050-field_3\">Telefon<\/label><input type=\"tel\" id=\"wpforms-2050-field_3\" class=\"wpforms-field-large wpforms-smart-phone-field\" data-rule-smart-phone-field=\"true\" name=\"wpforms[fields][3]\" ><\/div><div id=\"wpforms-2050-field_2-container\" class=\"wpforms-field wpforms-field-textarea\" data-field-id=\"2\"><label class=\"wpforms-field-label\" for=\"wpforms-2050-field_2\">Komentarz lub wiadomo\u015b\u0107<\/label><textarea id=\"wpforms-2050-field_2\" class=\"wpforms-field-medium\" name=\"wpforms[fields][2]\" placeholder=\"Jestem zainteresowany ofert\u0105. Prosz\u0119 o kontakt.\" ><\/textarea><\/div><div id=\"wpforms-2050-field_4-container\" class=\"wpforms-field wpforms-field-checkbox\" data-field-id=\"4\"><label class=\"wpforms-field-label\" for=\"wpforms-2050-field_4\">Pola wyboru <span class=\"wpforms-required-label\">*<\/span><\/label><ul id=\"wpforms-2050-field_4\" class=\"wpforms-field-required\"><li class=\"choice-1 depth-1\"><input type=\"checkbox\" id=\"wpforms-2050-field_4_1\" name=\"wpforms[fields][4][]\" value=\"Akceptuj\u0119 polityk\u0119 prywatno\u015bci tej strony\" required ><label class=\"wpforms-field-label-inline\" for=\"wpforms-2050-field_4_1\">Akceptuj\u0119 polityk\u0119 prywatno\u015bci tej strony<\/label><\/li><li class=\"choice-2 depth-1\"><input type=\"checkbox\" id=\"wpforms-2050-field_4_2\" name=\"wpforms[fields][4][]\" value=\"Wyra\u017cam zgod\u0119 na przetwarzanie moich danych osobowych w celu odpowiedzi na zadane pytanie\" required ><label class=\"wpforms-field-label-inline\" for=\"wpforms-2050-field_4_2\">Wyra\u017cam zgod\u0119 na przetwarzanie moich danych osobowych w celu odpowiedzi na zadane pytanie<\/label><\/li><\/ul><\/div><\/div><div class=\"wpforms-submit-container\"><input type=\"hidden\" name=\"wpforms[id]\" value=\"2050\"><input type=\"hidden\" name=\"wpforms[author]\" value=\"1\"><button type=\"submit\" name=\"wpforms[submit]\" id=\"wpforms-submit-2050\" class=\"wpforms-submit\" data-alt-text=\"Wysy\u0142anie...\" data-submit-text=\"Prze\u015blij\" aria-live=\"assertive\" value=\"wpforms-submit\">Prze\u015blij<\/button><img decoding=\"async\" src=\"https:\/\/anti-fraud.pl\/wp-content\/plugins\/wpforms\/assets\/images\/submit-spin.svg\" class=\"wpforms-submit-spinner\" style=\"display: none;\" width=\"26\" height=\"26\" alt=\"Wczytywanie\"><\/div><\/form><\/div>  <!-- .wpforms-container -->\n","protected":false},"excerpt":{"rendered":"<p><strong>Przeciwdzia\u0142anie korupcji &#8211; szkolenie dla przedsi\u0119biorc\u00f3w<\/strong><\/p>\n<p>Szkolenie dot. przeciwdzia\u0142ania korupcji w organizacji \u2013 3 godziny.<\/p>\n<p><strong>Dok\u0142adny opis us\u0142ugi znajduje si\u0119 poni\u017cej.<\/strong><\/p>\n","protected":false},"featured_media":1899,"template":"","meta":{"_kad_blocks_custom_css":"","_kad_blocks_head_custom_js":"","_kad_blocks_body_custom_js":"","_kad_blocks_footer_custom_js":"","_kadence_starter_templates_imported_post":false,"_kad_post_transparent":"default","_kad_post_title":"","_kad_post_layout":"default","_kad_post_sidebar_id":"","_kad_post_content_style":"default","_kad_post_vertical_padding":"default","_kad_post_feature":"","_kad_post_feature_position":"","_kad_post_header":false,"_kad_post_footer":false},"product_cat":[37],"product_tag":[174,321,314,295,318,315,311,319,312,317,320,313,316,322,292],"class_list":{"0":"post-1893","1":"product","2":"type-product","3":"status-publish","4":"has-post-thumbnail","6":"product_cat-szkolenia","7":"product_tag-compliance","8":"product_tag-antykorupcyjne-procedury","9":"product_tag-edukacja-antykorupcyjna","10":"product_tag-etyka-w-biznesie","11":"product_tag-integracja-antykorupcyjna","12":"product_tag-programy-szkoleniowe","13":"product_tag-przeciwdzialanie-korupcji","14":"product_tag-swiadomosc-antykorupcyjna","15":"product_tag-szkolenie-antykorupcyjne","16":"product_tag-szkolenie-dla-firm","17":"product_tag-szkolenie-pracownikow","18":"product_tag-walka-z-korupcja","19":"product_tag-zapobieganie-korupcji","20":"product_tag-zarzadzanie-ryzykiem-korupcji","21":"product_tag-zgodnosc-z-przepisami","23":"first","24":"instock","25":"virtual","26":"taxable","27":"purchasable","28":"product-type-simple","29":"entry","30":"content-bg","31":"loop-entry"},"yoast_head":"<!-- This site is optimized with the Yoast SEO Premium plugin v20.4 (Yoast SEO v22.3) - https:\/\/yoast.com\/wordpress\/plugins\/seo\/ -->\n<title>Przeciwdzia\u0142anie korupcji - szkolenie dla przedsi\u0119biorc\u00f3w - ANTI-FRAUD<\/title>\n<meta name=\"robots\" content=\"index, follow, max-snippet:-1, max-image-preview:large, max-video-preview:-1\" \/>\n<link rel=\"canonical\" href=\"https:\/\/anti-fraud.pl\/?product=przeciwdzialanie-korupcji-szkolenie\" \/>\n<meta property=\"og:locale\" content=\"pl_PL\" \/>\n<meta property=\"og:type\" content=\"article\" \/>\n<meta property=\"og:title\" content=\"Przeciwdzia\u0142anie korupcji - szkolenie dla przedsi\u0119biorc\u00f3w\" \/>\n<meta property=\"og:description\" content=\"Przeciwdzia\u0142anie korupcji - szkolenie dla przedsi\u0119biorc\u00f3w  Szkolenie dot. przeciwdzia\u0142ania korupcji w organizacji \u2013 3 godziny.  Dok\u0142adny opis us\u0142ugi znajduje si\u0119 poni\u017cej.\" \/>\n<meta property=\"og:url\" content=\"https:\/\/anti-fraud.pl\/?product=przeciwdzialanie-korupcji-szkolenie\" \/>\n<meta property=\"og:site_name\" content=\"ANTI-FRAUD\" \/>\n<meta property=\"article:publisher\" content=\"https:\/\/www.facebook.com\/100094584412723\" \/>\n<meta property=\"article:modified_time\" content=\"2025-02-18T13:33:03+00:00\" \/>\n<meta property=\"og:image\" content=\"https:\/\/anti-fraud.pl\/wp-content\/uploads\/2023\/03\/conference-3248255_1920.jpg\" \/>\n\t<meta property=\"og:image:width\" content=\"600\" \/>\n\t<meta property=\"og:image:height\" content=\"600\" \/>\n\t<meta property=\"og:image:type\" content=\"image\/jpeg\" \/>\n<meta name=\"twitter:card\" content=\"summary_large_image\" \/>\n<meta name=\"twitter:site\" content=\"@audyt_sledczy\" \/>\n<meta name=\"twitter:label1\" content=\"Szacowany czas czytania\" \/>\n\t<meta name=\"twitter:data1\" content=\"1 minuta\" \/>\n<script type=\"application\/ld+json\" class=\"yoast-schema-graph\">{\"@context\":\"https:\/\/schema.org\",\"@graph\":[{\"@type\":\"WebPage\",\"@id\":\"https:\/\/anti-fraud.pl\/?product=przeciwdzialanie-korupcji-szkolenie\",\"url\":\"https:\/\/anti-fraud.pl\/?product=przeciwdzialanie-korupcji-szkolenie\",\"name\":\"Przeciwdzia\u0142anie korupcji - szkolenie dla przedsi\u0119biorc\u00f3w - ANTI-FRAUD\",\"isPartOf\":{\"@id\":\"https:\/\/anti-fraud.pl\/#website\"},\"primaryImageOfPage\":{\"@id\":\"https:\/\/anti-fraud.pl\/?product=przeciwdzialanie-korupcji-szkolenie#primaryimage\"},\"image\":{\"@id\":\"https:\/\/anti-fraud.pl\/?product=przeciwdzialanie-korupcji-szkolenie#primaryimage\"},\"thumbnailUrl\":\"https:\/\/anti-fraud.pl\/wp-content\/uploads\/2023\/03\/conference-3248255_1920.jpg\",\"datePublished\":\"2023-03-27T12:10:25+00:00\",\"dateModified\":\"2025-02-18T13:33:03+00:00\",\"breadcrumb\":{\"@id\":\"https:\/\/anti-fraud.pl\/?product=przeciwdzialanie-korupcji-szkolenie#breadcrumb\"},\"inLanguage\":\"pl-PL\",\"potentialAction\":[{\"@type\":\"ReadAction\",\"target\":[\"https:\/\/anti-fraud.pl\/?product=przeciwdzialanie-korupcji-szkolenie\"]}]},{\"@type\":\"ImageObject\",\"inLanguage\":\"pl-PL\",\"@id\":\"https:\/\/anti-fraud.pl\/?product=przeciwdzialanie-korupcji-szkolenie#primaryimage\",\"url\":\"https:\/\/anti-fraud.pl\/wp-content\/uploads\/2023\/03\/conference-3248255_1920.jpg\",\"contentUrl\":\"https:\/\/anti-fraud.pl\/wp-content\/uploads\/2023\/03\/conference-3248255_1920.jpg\",\"width\":600,\"height\":600},{\"@type\":\"BreadcrumbList\",\"@id\":\"https:\/\/anti-fraud.pl\/?product=przeciwdzialanie-korupcji-szkolenie#breadcrumb\",\"itemListElement\":[{\"@type\":\"ListItem\",\"position\":1,\"name\":\"Strona g\u0142\u00f3wna\",\"item\":\"https:\/\/anti-fraud.pl\/\"},{\"@type\":\"ListItem\",\"position\":2,\"name\":\"Sklep\",\"item\":\"https:\/\/anti-fraud.pl\/?page_id=5\"},{\"@type\":\"ListItem\",\"position\":3,\"name\":\"Przeciwdzia\u0142anie korupcji &#8211; szkolenie dla przedsi\u0119biorc\u00f3w\"}]},{\"@type\":\"WebSite\",\"@id\":\"https:\/\/anti-fraud.pl\/#website\",\"url\":\"https:\/\/anti-fraud.pl\/\",\"name\":\"ANTI-FRAUD\",\"description\":\"Wykrywanie \/ Zapobieganie \/ Szkolenie\",\"publisher\":{\"@id\":\"https:\/\/anti-fraud.pl\/#organization\"},\"potentialAction\":[{\"@type\":\"SearchAction\",\"target\":{\"@type\":\"EntryPoint\",\"urlTemplate\":\"https:\/\/anti-fraud.pl\/?s={search_term_string}\"},\"query-input\":\"required name=search_term_string\"}],\"inLanguage\":\"pl-PL\"},{\"@type\":\"Organization\",\"@id\":\"https:\/\/anti-fraud.pl\/#organization\",\"name\":\"ANTI-FRAUD\",\"url\":\"https:\/\/anti-fraud.pl\/\",\"logo\":{\"@type\":\"ImageObject\",\"inLanguage\":\"pl-PL\",\"@id\":\"https:\/\/anti-fraud.pl\/#\/schema\/logo\/image\/\",\"url\":\"https:\/\/anti-fraud.pl\/wp-content\/uploads\/2023\/11\/logo-xlarge-\u2014-tarcza.png\",\"contentUrl\":\"https:\/\/anti-fraud.pl\/wp-content\/uploads\/2023\/11\/logo-xlarge-\u2014-tarcza.png\",\"width\":1519,\"height\":363,\"caption\":\"ANTI-FRAUD\"},\"image\":{\"@id\":\"https:\/\/anti-fraud.pl\/#\/schema\/logo\/image\/\"},\"sameAs\":[\"https:\/\/www.facebook.com\/100094584412723\",\"https:\/\/twitter.com\/audyt_sledczy\"]}]}<\/script>\n<!-- \/ Yoast SEO Premium plugin. -->","yoast_head_json":{"title":"Przeciwdzia\u0142anie korupcji - szkolenie dla przedsi\u0119biorc\u00f3w - ANTI-FRAUD","robots":{"index":"index","follow":"follow","max-snippet":"max-snippet:-1","max-image-preview":"max-image-preview:large","max-video-preview":"max-video-preview:-1"},"canonical":"https:\/\/anti-fraud.pl\/?product=przeciwdzialanie-korupcji-szkolenie","og_locale":"pl_PL","og_type":"article","og_title":"Przeciwdzia\u0142anie korupcji - szkolenie dla przedsi\u0119biorc\u00f3w","og_description":"Przeciwdzia\u0142anie korupcji - szkolenie dla przedsi\u0119biorc\u00f3w  Szkolenie dot. przeciwdzia\u0142ania korupcji w organizacji \u2013 3 godziny.  Dok\u0142adny opis us\u0142ugi znajduje si\u0119 poni\u017cej.","og_url":"https:\/\/anti-fraud.pl\/?product=przeciwdzialanie-korupcji-szkolenie","og_site_name":"ANTI-FRAUD","article_publisher":"https:\/\/www.facebook.com\/100094584412723","article_modified_time":"2025-02-18T13:33:03+00:00","og_image":[{"width":600,"height":600,"url":"https:\/\/anti-fraud.pl\/wp-content\/uploads\/2023\/03\/conference-3248255_1920.jpg","type":"image\/jpeg"}],"twitter_card":"summary_large_image","twitter_site":"@audyt_sledczy","twitter_misc":{"Szacowany czas czytania":"1 minuta"},"schema":{"@context":"https:\/\/schema.org","@graph":[{"@type":"WebPage","@id":"https:\/\/anti-fraud.pl\/?product=przeciwdzialanie-korupcji-szkolenie","url":"https:\/\/anti-fraud.pl\/?product=przeciwdzialanie-korupcji-szkolenie","name":"Przeciwdzia\u0142anie korupcji - szkolenie dla przedsi\u0119biorc\u00f3w - ANTI-FRAUD","isPartOf":{"@id":"https:\/\/anti-fraud.pl\/#website"},"primaryImageOfPage":{"@id":"https:\/\/anti-fraud.pl\/?product=przeciwdzialanie-korupcji-szkolenie#primaryimage"},"image":{"@id":"https:\/\/anti-fraud.pl\/?product=przeciwdzialanie-korupcji-szkolenie#primaryimage"},"thumbnailUrl":"https:\/\/anti-fraud.pl\/wp-content\/uploads\/2023\/03\/conference-3248255_1920.jpg","datePublished":"2023-03-27T12:10:25+00:00","dateModified":"2025-02-18T13:33:03+00:00","breadcrumb":{"@id":"https:\/\/anti-fraud.pl\/?product=przeciwdzialanie-korupcji-szkolenie#breadcrumb"},"inLanguage":"pl-PL","potentialAction":[{"@type":"ReadAction","target":["https:\/\/anti-fraud.pl\/?product=przeciwdzialanie-korupcji-szkolenie"]}]},{"@type":"ImageObject","inLanguage":"pl-PL","@id":"https:\/\/anti-fraud.pl\/?product=przeciwdzialanie-korupcji-szkolenie#primaryimage","url":"https:\/\/anti-fraud.pl\/wp-content\/uploads\/2023\/03\/conference-3248255_1920.jpg","contentUrl":"https:\/\/anti-fraud.pl\/wp-content\/uploads\/2023\/03\/conference-3248255_1920.jpg","width":600,"height":600},{"@type":"BreadcrumbList","@id":"https:\/\/anti-fraud.pl\/?product=przeciwdzialanie-korupcji-szkolenie#breadcrumb","itemListElement":[{"@type":"ListItem","position":1,"name":"Strona g\u0142\u00f3wna","item":"https:\/\/anti-fraud.pl\/"},{"@type":"ListItem","position":2,"name":"Sklep","item":"https:\/\/anti-fraud.pl\/?page_id=5"},{"@type":"ListItem","position":3,"name":"Przeciwdzia\u0142anie korupcji &#8211; szkolenie dla przedsi\u0119biorc\u00f3w"}]},{"@type":"WebSite","@id":"https:\/\/anti-fraud.pl\/#website","url":"https:\/\/anti-fraud.pl\/","name":"ANTI-FRAUD","description":"Wykrywanie \/ Zapobieganie \/ Szkolenie","publisher":{"@id":"https:\/\/anti-fraud.pl\/#organization"},"potentialAction":[{"@type":"SearchAction","target":{"@type":"EntryPoint","urlTemplate":"https:\/\/anti-fraud.pl\/?s={search_term_string}"},"query-input":"required name=search_term_string"}],"inLanguage":"pl-PL"},{"@type":"Organization","@id":"https:\/\/anti-fraud.pl\/#organization","name":"ANTI-FRAUD","url":"https:\/\/anti-fraud.pl\/","logo":{"@type":"ImageObject","inLanguage":"pl-PL","@id":"https:\/\/anti-fraud.pl\/#\/schema\/logo\/image\/","url":"https:\/\/anti-fraud.pl\/wp-content\/uploads\/2023\/11\/logo-xlarge-\u2014-tarcza.png","contentUrl":"https:\/\/anti-fraud.pl\/wp-content\/uploads\/2023\/11\/logo-xlarge-\u2014-tarcza.png","width":1519,"height":363,"caption":"ANTI-FRAUD"},"image":{"@id":"https:\/\/anti-fraud.pl\/#\/schema\/logo\/image\/"},"sameAs":["https:\/\/www.facebook.com\/100094584412723","https:\/\/twitter.com\/audyt_sledczy"]}]}},"featured_image_src_large":["https:\/\/anti-fraud.pl\/wp-content\/uploads\/2023\/03\/conference-3248255_1920.jpg",600,600,false],"author_info":[],"comment_info":"","taxonomy_info":{"product_cat":[{"value":37,"label":"Szkolenia"}],"product_tag":[{"value":174,"label":"#compliance"},{"value":321,"label":"antykorupcyjne procedury"},{"value":314,"label":"edukacja antykorupcyjna"},{"value":295,"label":"etyka w biznesie"},{"value":318,"label":"integracja antykorupcyjna"},{"value":315,"label":"programy szkoleniowe"},{"value":311,"label":"przeciwdzia\u0142anie korupcji"},{"value":319,"label":"\u015bwiadomo\u015b\u0107 antykorupcyjna"},{"value":312,"label":"szkolenie antykorupcyjne"},{"value":317,"label":"szkolenie dla firm"},{"value":320,"label":"szkolenie pracownik\u00f3w"},{"value":313,"label":"walka z korupcj\u0105"},{"value":316,"label":"zapobieganie korupcji"},{"value":322,"label":"zarz\u0105dzanie ryzykiem korupcji"},{"value":292,"label":"zgodno\u015b\u0107 z przepisami"}]},"_links":{"self":[{"href":"https:\/\/anti-fraud.pl\/index.php?rest_route=\/wp\/v2\/product\/1893","targetHints":{"allow":["GET"]}}],"collection":[{"href":"https:\/\/anti-fraud.pl\/index.php?rest_route=\/wp\/v2\/product"}],"about":[{"href":"https:\/\/anti-fraud.pl\/index.php?rest_route=\/wp\/v2\/types\/product"}],"wp:featuredmedia":[{"embeddable":true,"href":"https:\/\/anti-fraud.pl\/index.php?rest_route=\/wp\/v2\/media\/1899"}],"wp:attachment":[{"href":"https:\/\/anti-fraud.pl\/index.php?rest_route=%2Fwp%2Fv2%2Fmedia&parent=1893"}],"wp:term":[{"taxonomy":"product_cat","embeddable":true,"href":"https:\/\/anti-fraud.pl\/index.php?rest_route=%2Fwp%2Fv2%2Fproduct_cat&post=1893"},{"taxonomy":"product_tag","embeddable":true,"href":"https:\/\/anti-fraud.pl\/index.php?rest_route=%2Fwp%2Fv2%2Fproduct_tag&post=1893"}],"curies":[{"name":"wp","href":"https:\/\/api.w.org\/{rel}","templated":true}]}}