{"id":2189,"date":"2023-04-24T08:48:36","date_gmt":"2023-04-24T08:48:36","guid":{"rendered":"https:\/\/anti-fraud.pl\/?post_type=product&#038;p=2189"},"modified":"2025-02-18T13:31:32","modified_gmt":"2025-02-18T13:31:32","slug":"procedura-antymobbingowa-szkolenie-wdrazajace","status":"publish","type":"product","link":"https:\/\/anti-fraud.pl\/?product=procedura-antymobbingowa-szkolenie-wdrazajace","title":{"rendered":"Procedura antymobbingowa + szkolenie wdra\u017caj\u0105ce"},"content":{"rendered":"<p><strong>Co uzyskasz<\/strong>: w ramach \u015bwiadczonej us\u0142ugi przygotujemy dopasowan\u0105 do organizacji procedur\u0119 antymobbingow\u0105 okre\u015blaj\u0105c\u0105 zasady post\u0119powania przeciwdzia\u0142aniu zjawisku mobbingu oraz tryb post\u0119powania antymobbingowego. Przeprowadzimy tak\u017ce szkolenie dla pracownik\u00f3w Twojej organizacji w zakresie wdra\u017canej procedury.<\/p>\n<p><strong><span style=\"font-family: 'var(--global-body-font-family)','serif'\">Jak zrealizowa\u0107 zam\u00f3wienie<\/span><\/strong><span style=\"font-family: 'var(--global-body-font-family)','serif'\">: po wykupieniu us\u0142ugi skontaktuj si\u0119 ze mn\u0105 w celu om\u00f3wienia szczeg\u00f3\u0142\u00f3w realizacji us\u0142ugi. Kontakt jest mo\u017cliwy telefonicznie pod numerem telefonu:\u00a0<strong>+48 790 730 918\u00a0<\/strong>\u00a0lub mailowo pod adresem:\u00a0<strong>biuro@anti-fraud.pl<\/strong>\u00a0b\u0105d\u017a za po\u015brednictwem formularza kontaktowego dost\u0119pnego w zak\u0142adce kontakt.<\/span><\/p>\n<p><em>Przed zakupem prosz\u0119 si\u0119 zapozna\u0107 z Regulaminem sklepu,<\/em>\u00a0<em>Polityk\u0105 prywatno\u015bci i cookies oraz klauzul\u0105 informacyjn\u0105 RODO.<\/em><\/p>\n<p><strong>Zapraszamy do kontaktu:<\/strong><\/p>\n<div class=\"wpforms-container wpforms-container-full\" id=\"wpforms-2050\"><form id=\"wpforms-form-2050\" class=\"wpforms-validate wpforms-form wpforms-ajax-form\" data-formid=\"2050\" method=\"post\" enctype=\"multipart\/form-data\" action=\"\/index.php?rest_route=%2Fwp%2Fv2%2Fproduct%2F2189\" data-token=\"2d0b25ee3d98686d917f5416f9ba8b30\"><noscript class=\"wpforms-error-noscript\">Aby wype\u0142ni\u0107 ten formularz, w\u0142\u0105cz obs\u0142ug\u0119 JavaScript w przegl\u0105darce.<\/noscript><div class=\"wpforms-field-container\"><div id=\"wpforms-2050-field_0-container\" class=\"wpforms-field wpforms-field-name\" data-field-id=\"0\"><label class=\"wpforms-field-label\" for=\"wpforms-2050-field_0\">Imi\u0119 <span class=\"wpforms-required-label\">*<\/span><\/label><input type=\"text\" id=\"wpforms-2050-field_0\" class=\"wpforms-field-large wpforms-field-required\" name=\"wpforms[fields][0]\" required><\/div><div id=\"wpforms-2050-field_1-container\" class=\"wpforms-field wpforms-field-email\" data-field-id=\"1\"><label class=\"wpforms-field-label\" for=\"wpforms-2050-field_1\">E-mail <span class=\"wpforms-required-label\">*<\/span><\/label><input type=\"email\" id=\"wpforms-2050-field_1\" class=\"wpforms-field-large wpforms-field-required\" name=\"wpforms[fields][1]\" required><\/div><div id=\"wpforms-2050-field_3-container\" class=\"wpforms-field wpforms-field-phone\" data-field-id=\"3\"><label class=\"wpforms-field-label\" for=\"wpforms-2050-field_3\">Telefon<\/label><input type=\"tel\" id=\"wpforms-2050-field_3\" class=\"wpforms-field-large wpforms-smart-phone-field\" data-rule-smart-phone-field=\"true\" name=\"wpforms[fields][3]\" ><\/div><div id=\"wpforms-2050-field_2-container\" class=\"wpforms-field wpforms-field-textarea\" data-field-id=\"2\"><label class=\"wpforms-field-label\" for=\"wpforms-2050-field_2\">Komentarz lub wiadomo\u015b\u0107<\/label><textarea id=\"wpforms-2050-field_2\" class=\"wpforms-field-medium\" name=\"wpforms[fields][2]\" placeholder=\"Jestem zainteresowany ofert\u0105. Prosz\u0119 o kontakt.\" ><\/textarea><\/div><div id=\"wpforms-2050-field_4-container\" class=\"wpforms-field wpforms-field-checkbox\" data-field-id=\"4\"><label class=\"wpforms-field-label\" for=\"wpforms-2050-field_4\">Pola wyboru <span class=\"wpforms-required-label\">*<\/span><\/label><ul id=\"wpforms-2050-field_4\" class=\"wpforms-field-required\"><li class=\"choice-1 depth-1\"><input type=\"checkbox\" id=\"wpforms-2050-field_4_1\" name=\"wpforms[fields][4][]\" value=\"Akceptuj\u0119 polityk\u0119 prywatno\u015bci tej strony\" required ><label class=\"wpforms-field-label-inline\" for=\"wpforms-2050-field_4_1\">Akceptuj\u0119 polityk\u0119 prywatno\u015bci tej strony<\/label><\/li><li class=\"choice-2 depth-1\"><input type=\"checkbox\" id=\"wpforms-2050-field_4_2\" name=\"wpforms[fields][4][]\" value=\"Wyra\u017cam zgod\u0119 na przetwarzanie moich danych osobowych w celu odpowiedzi na zadane pytanie\" required ><label class=\"wpforms-field-label-inline\" for=\"wpforms-2050-field_4_2\">Wyra\u017cam zgod\u0119 na przetwarzanie moich danych osobowych w celu odpowiedzi na zadane pytanie<\/label><\/li><\/ul><\/div><\/div><div class=\"wpforms-submit-container\"><input type=\"hidden\" name=\"wpforms[id]\" value=\"2050\"><input type=\"hidden\" name=\"wpforms[author]\" value=\"1\"><button type=\"submit\" name=\"wpforms[submit]\" id=\"wpforms-submit-2050\" class=\"wpforms-submit\" data-alt-text=\"Wysy\u0142anie...\" data-submit-text=\"Prze\u015blij\" aria-live=\"assertive\" value=\"wpforms-submit\">Prze\u015blij<\/button><img decoding=\"async\" src=\"https:\/\/anti-fraud.pl\/wp-content\/plugins\/wpforms\/assets\/images\/submit-spin.svg\" class=\"wpforms-submit-spinner\" style=\"display: none;\" width=\"26\" height=\"26\" alt=\"Wczytywanie\"><\/div><\/form><\/div>  <!-- .wpforms-container -->\n","protected":false},"excerpt":{"rendered":"<p><strong>Antymobbing \u2013 PROCEDURA<\/strong><\/p>\n<p>W ramach \u015bwiadczonej us\u0142ugi oferujemy przygotowanie dopasowanej do organizacji procedury antymobbingowej.<\/p>\n<p><strong>Dok\u0142adny opis us\u0142ugi znajduje si\u0119 poni\u017cej.<\/strong><\/p>\n","protected":false},"featured_media":2190,"template":"","meta":{"_kad_blocks_custom_css":"","_kad_blocks_head_custom_js":"","_kad_blocks_body_custom_js":"","_kad_blocks_footer_custom_js":"","_kadence_starter_templates_imported_post":false,"_kad_post_transparent":"default","_kad_post_title":"","_kad_post_layout":"default","_kad_post_sidebar_id":"","_kad_post_content_style":"default","_kad_post_vertical_padding":"default","_kad_post_feature":"","_kad_post_feature_position":"","_kad_post_header":false,"_kad_post_footer":false},"product_cat":[38],"product_tag":[324,332,333,326,328,330,323,331,44,329,325,327],"class_list":{"0":"post-2189","1":"product","2":"type-product","3":"status-publish","4":"has-post-thumbnail","6":"product_cat-polityki-i-procedury","7":"product_tag-antymobbing","8":"product_tag-edukacja-antymobbingowa","9":"product_tag-narzedzia-antymobbingowe","10":"product_tag-ochrona-przed-mobbingiem","11":"product_tag-polityka-antymobbingowa","12":"product_tag-pracownicze-procedury-antymobbingowe","13":"product_tag-procedura-antymobbingowa","14":"product_tag-program-antymobbingowy","15":"product_tag-szkolenie-antymobbingowe","16":"product_tag-szkolenie-wdrazajace","17":"product_tag-wdrozenie-procedury-antymobbingowej","18":"product_tag-zapobieganie-mobbingowi","20":"first","21":"instock","22":"virtual","23":"taxable","24":"purchasable","25":"product-type-simple","26":"entry","27":"content-bg","28":"loop-entry"},"yoast_head":"<!-- This site is optimized with the Yoast SEO Premium plugin v20.4 (Yoast SEO v22.3) - https:\/\/yoast.com\/wordpress\/plugins\/seo\/ -->\n<title>Procedura antymobbingowa + szkolenie wdra\u017caj\u0105ce - ANTI-FRAUD<\/title>\n<meta name=\"robots\" content=\"index, follow, max-snippet:-1, max-image-preview:large, max-video-preview:-1\" \/>\n<link rel=\"canonical\" href=\"https:\/\/anti-fraud.pl\/?product=procedura-antymobbingowa-szkolenie-wdrazajace\" \/>\n<meta property=\"og:locale\" content=\"pl_PL\" \/>\n<meta property=\"og:type\" content=\"article\" \/>\n<meta property=\"og:title\" content=\"Procedura antymobbingowa + szkolenie wdra\u017caj\u0105ce\" \/>\n<meta property=\"og:description\" content=\"Antymobbing \u2013 PROCEDURA  W ramach \u015bwiadczonej us\u0142ugi oferujemy przygotowanie dopasowanej do organizacji procedury antymobbingowej.  Dok\u0142adny opis us\u0142ugi znajduje si\u0119 poni\u017cej.\" \/>\n<meta property=\"og:url\" content=\"https:\/\/anti-fraud.pl\/?product=procedura-antymobbingowa-szkolenie-wdrazajace\" \/>\n<meta property=\"og:site_name\" content=\"ANTI-FRAUD\" \/>\n<meta property=\"article:publisher\" content=\"https:\/\/www.facebook.com\/100094584412723\" \/>\n<meta property=\"article:modified_time\" content=\"2025-02-18T13:31:32+00:00\" \/>\n<meta property=\"og:image\" content=\"https:\/\/anti-fraud.pl\/wp-content\/uploads\/2023\/04\/ring-binder-5915126_1920.jpg\" \/>\n\t<meta property=\"og:image:width\" content=\"600\" \/>\n\t<meta property=\"og:image:height\" content=\"600\" \/>\n\t<meta property=\"og:image:type\" content=\"image\/jpeg\" \/>\n<meta name=\"twitter:card\" content=\"summary_large_image\" \/>\n<meta name=\"twitter:site\" content=\"@audyt_sledczy\" \/>\n<meta name=\"twitter:label1\" content=\"Szacowany czas czytania\" \/>\n\t<meta name=\"twitter:data1\" content=\"1 minuta\" \/>\n<script type=\"application\/ld+json\" class=\"yoast-schema-graph\">{\"@context\":\"https:\/\/schema.org\",\"@graph\":[{\"@type\":\"WebPage\",\"@id\":\"https:\/\/anti-fraud.pl\/?product=procedura-antymobbingowa-szkolenie-wdrazajace\",\"url\":\"https:\/\/anti-fraud.pl\/?product=procedura-antymobbingowa-szkolenie-wdrazajace\",\"name\":\"Procedura antymobbingowa + szkolenie wdra\u017caj\u0105ce - ANTI-FRAUD\",\"isPartOf\":{\"@id\":\"https:\/\/anti-fraud.pl\/#website\"},\"primaryImageOfPage\":{\"@id\":\"https:\/\/anti-fraud.pl\/?product=procedura-antymobbingowa-szkolenie-wdrazajace#primaryimage\"},\"image\":{\"@id\":\"https:\/\/anti-fraud.pl\/?product=procedura-antymobbingowa-szkolenie-wdrazajace#primaryimage\"},\"thumbnailUrl\":\"https:\/\/anti-fraud.pl\/wp-content\/uploads\/2023\/04\/ring-binder-5915126_1920.jpg\",\"datePublished\":\"2023-04-24T08:48:36+00:00\",\"dateModified\":\"2025-02-18T13:31:32+00:00\",\"breadcrumb\":{\"@id\":\"https:\/\/anti-fraud.pl\/?product=procedura-antymobbingowa-szkolenie-wdrazajace#breadcrumb\"},\"inLanguage\":\"pl-PL\",\"potentialAction\":[{\"@type\":\"ReadAction\",\"target\":[\"https:\/\/anti-fraud.pl\/?product=procedura-antymobbingowa-szkolenie-wdrazajace\"]}]},{\"@type\":\"ImageObject\",\"inLanguage\":\"pl-PL\",\"@id\":\"https:\/\/anti-fraud.pl\/?product=procedura-antymobbingowa-szkolenie-wdrazajace#primaryimage\",\"url\":\"https:\/\/anti-fraud.pl\/wp-content\/uploads\/2023\/04\/ring-binder-5915126_1920.jpg\",\"contentUrl\":\"https:\/\/anti-fraud.pl\/wp-content\/uploads\/2023\/04\/ring-binder-5915126_1920.jpg\",\"width\":600,\"height\":600},{\"@type\":\"BreadcrumbList\",\"@id\":\"https:\/\/anti-fraud.pl\/?product=procedura-antymobbingowa-szkolenie-wdrazajace#breadcrumb\",\"itemListElement\":[{\"@type\":\"ListItem\",\"position\":1,\"name\":\"Strona g\u0142\u00f3wna\",\"item\":\"https:\/\/anti-fraud.pl\/\"},{\"@type\":\"ListItem\",\"position\":2,\"name\":\"Sklep\",\"item\":\"https:\/\/anti-fraud.pl\/?page_id=5\"},{\"@type\":\"ListItem\",\"position\":3,\"name\":\"Procedura antymobbingowa + szkolenie wdra\u017caj\u0105ce\"}]},{\"@type\":\"WebSite\",\"@id\":\"https:\/\/anti-fraud.pl\/#website\",\"url\":\"https:\/\/anti-fraud.pl\/\",\"name\":\"ANTI-FRAUD\",\"description\":\"Wykrywanie \/ Zapobieganie \/ Szkolenie\",\"publisher\":{\"@id\":\"https:\/\/anti-fraud.pl\/#organization\"},\"potentialAction\":[{\"@type\":\"SearchAction\",\"target\":{\"@type\":\"EntryPoint\",\"urlTemplate\":\"https:\/\/anti-fraud.pl\/?s={search_term_string}\"},\"query-input\":\"required name=search_term_string\"}],\"inLanguage\":\"pl-PL\"},{\"@type\":\"Organization\",\"@id\":\"https:\/\/anti-fraud.pl\/#organization\",\"name\":\"ANTI-FRAUD\",\"url\":\"https:\/\/anti-fraud.pl\/\",\"logo\":{\"@type\":\"ImageObject\",\"inLanguage\":\"pl-PL\",\"@id\":\"https:\/\/anti-fraud.pl\/#\/schema\/logo\/image\/\",\"url\":\"https:\/\/anti-fraud.pl\/wp-content\/uploads\/2023\/11\/logo-xlarge-\u2014-tarcza.png\",\"contentUrl\":\"https:\/\/anti-fraud.pl\/wp-content\/uploads\/2023\/11\/logo-xlarge-\u2014-tarcza.png\",\"width\":1519,\"height\":363,\"caption\":\"ANTI-FRAUD\"},\"image\":{\"@id\":\"https:\/\/anti-fraud.pl\/#\/schema\/logo\/image\/\"},\"sameAs\":[\"https:\/\/www.facebook.com\/100094584412723\",\"https:\/\/twitter.com\/audyt_sledczy\"]}]}<\/script>\n<!-- \/ Yoast SEO Premium plugin. -->","yoast_head_json":{"title":"Procedura antymobbingowa + szkolenie wdra\u017caj\u0105ce - ANTI-FRAUD","robots":{"index":"index","follow":"follow","max-snippet":"max-snippet:-1","max-image-preview":"max-image-preview:large","max-video-preview":"max-video-preview:-1"},"canonical":"https:\/\/anti-fraud.pl\/?product=procedura-antymobbingowa-szkolenie-wdrazajace","og_locale":"pl_PL","og_type":"article","og_title":"Procedura antymobbingowa + szkolenie wdra\u017caj\u0105ce","og_description":"Antymobbing \u2013 PROCEDURA  W ramach \u015bwiadczonej us\u0142ugi oferujemy przygotowanie dopasowanej do organizacji procedury antymobbingowej.  Dok\u0142adny opis us\u0142ugi znajduje si\u0119 poni\u017cej.","og_url":"https:\/\/anti-fraud.pl\/?product=procedura-antymobbingowa-szkolenie-wdrazajace","og_site_name":"ANTI-FRAUD","article_publisher":"https:\/\/www.facebook.com\/100094584412723","article_modified_time":"2025-02-18T13:31:32+00:00","og_image":[{"width":600,"height":600,"url":"https:\/\/anti-fraud.pl\/wp-content\/uploads\/2023\/04\/ring-binder-5915126_1920.jpg","type":"image\/jpeg"}],"twitter_card":"summary_large_image","twitter_site":"@audyt_sledczy","twitter_misc":{"Szacowany czas czytania":"1 minuta"},"schema":{"@context":"https:\/\/schema.org","@graph":[{"@type":"WebPage","@id":"https:\/\/anti-fraud.pl\/?product=procedura-antymobbingowa-szkolenie-wdrazajace","url":"https:\/\/anti-fraud.pl\/?product=procedura-antymobbingowa-szkolenie-wdrazajace","name":"Procedura antymobbingowa + szkolenie wdra\u017caj\u0105ce - ANTI-FRAUD","isPartOf":{"@id":"https:\/\/anti-fraud.pl\/#website"},"primaryImageOfPage":{"@id":"https:\/\/anti-fraud.pl\/?product=procedura-antymobbingowa-szkolenie-wdrazajace#primaryimage"},"image":{"@id":"https:\/\/anti-fraud.pl\/?product=procedura-antymobbingowa-szkolenie-wdrazajace#primaryimage"},"thumbnailUrl":"https:\/\/anti-fraud.pl\/wp-content\/uploads\/2023\/04\/ring-binder-5915126_1920.jpg","datePublished":"2023-04-24T08:48:36+00:00","dateModified":"2025-02-18T13:31:32+00:00","breadcrumb":{"@id":"https:\/\/anti-fraud.pl\/?product=procedura-antymobbingowa-szkolenie-wdrazajace#breadcrumb"},"inLanguage":"pl-PL","potentialAction":[{"@type":"ReadAction","target":["https:\/\/anti-fraud.pl\/?product=procedura-antymobbingowa-szkolenie-wdrazajace"]}]},{"@type":"ImageObject","inLanguage":"pl-PL","@id":"https:\/\/anti-fraud.pl\/?product=procedura-antymobbingowa-szkolenie-wdrazajace#primaryimage","url":"https:\/\/anti-fraud.pl\/wp-content\/uploads\/2023\/04\/ring-binder-5915126_1920.jpg","contentUrl":"https:\/\/anti-fraud.pl\/wp-content\/uploads\/2023\/04\/ring-binder-5915126_1920.jpg","width":600,"height":600},{"@type":"BreadcrumbList","@id":"https:\/\/anti-fraud.pl\/?product=procedura-antymobbingowa-szkolenie-wdrazajace#breadcrumb","itemListElement":[{"@type":"ListItem","position":1,"name":"Strona g\u0142\u00f3wna","item":"https:\/\/anti-fraud.pl\/"},{"@type":"ListItem","position":2,"name":"Sklep","item":"https:\/\/anti-fraud.pl\/?page_id=5"},{"@type":"ListItem","position":3,"name":"Procedura antymobbingowa + szkolenie wdra\u017caj\u0105ce"}]},{"@type":"WebSite","@id":"https:\/\/anti-fraud.pl\/#website","url":"https:\/\/anti-fraud.pl\/","name":"ANTI-FRAUD","description":"Wykrywanie \/ Zapobieganie \/ Szkolenie","publisher":{"@id":"https:\/\/anti-fraud.pl\/#organization"},"potentialAction":[{"@type":"SearchAction","target":{"@type":"EntryPoint","urlTemplate":"https:\/\/anti-fraud.pl\/?s={search_term_string}"},"query-input":"required name=search_term_string"}],"inLanguage":"pl-PL"},{"@type":"Organization","@id":"https:\/\/anti-fraud.pl\/#organization","name":"ANTI-FRAUD","url":"https:\/\/anti-fraud.pl\/","logo":{"@type":"ImageObject","inLanguage":"pl-PL","@id":"https:\/\/anti-fraud.pl\/#\/schema\/logo\/image\/","url":"https:\/\/anti-fraud.pl\/wp-content\/uploads\/2023\/11\/logo-xlarge-\u2014-tarcza.png","contentUrl":"https:\/\/anti-fraud.pl\/wp-content\/uploads\/2023\/11\/logo-xlarge-\u2014-tarcza.png","width":1519,"height":363,"caption":"ANTI-FRAUD"},"image":{"@id":"https:\/\/anti-fraud.pl\/#\/schema\/logo\/image\/"},"sameAs":["https:\/\/www.facebook.com\/100094584412723","https:\/\/twitter.com\/audyt_sledczy"]}]}},"featured_image_src_large":["https:\/\/anti-fraud.pl\/wp-content\/uploads\/2023\/04\/ring-binder-5915126_1920.jpg",600,600,false],"author_info":[],"comment_info":"","taxonomy_info":{"product_cat":[{"value":38,"label":"Polityki i procedury"}],"product_tag":[{"value":324,"label":"antymobbing"},{"value":332,"label":"edukacja antymobbingowa"},{"value":333,"label":"narz\u0119dzia antymobbingowe"},{"value":326,"label":"ochrona przed mobbingiem"},{"value":328,"label":"polityka antymobbingowa"},{"value":330,"label":"pracownicze procedury antymobbingowe"},{"value":323,"label":"procedura antymobbingowa"},{"value":331,"label":"program antymobbingowy"},{"value":44,"label":"Szkolenie Antymobbingowe"},{"value":329,"label":"szkolenie wdra\u017caj\u0105ce"},{"value":325,"label":"wdro\u017cenie procedury antymobbingowej"},{"value":327,"label":"zapobieganie mobbingowi"}]},"_links":{"self":[{"href":"https:\/\/anti-fraud.pl\/index.php?rest_route=\/wp\/v2\/product\/2189","targetHints":{"allow":["GET"]}}],"collection":[{"href":"https:\/\/anti-fraud.pl\/index.php?rest_route=\/wp\/v2\/product"}],"about":[{"href":"https:\/\/anti-fraud.pl\/index.php?rest_route=\/wp\/v2\/types\/product"}],"wp:featuredmedia":[{"embeddable":true,"href":"https:\/\/anti-fraud.pl\/index.php?rest_route=\/wp\/v2\/media\/2190"}],"wp:attachment":[{"href":"https:\/\/anti-fraud.pl\/index.php?rest_route=%2Fwp%2Fv2%2Fmedia&parent=2189"}],"wp:term":[{"taxonomy":"product_cat","embeddable":true,"href":"https:\/\/anti-fraud.pl\/index.php?rest_route=%2Fwp%2Fv2%2Fproduct_cat&post=2189"},{"taxonomy":"product_tag","embeddable":true,"href":"https:\/\/anti-fraud.pl\/index.php?rest_route=%2Fwp%2Fv2%2Fproduct_tag&post=2189"}],"curies":[{"name":"wp","href":"https:\/\/api.w.org\/{rel}","templated":true}]}}