{"id":3551,"date":"2025-12-16T08:58:54","date_gmt":"2025-12-16T08:58:54","guid":{"rendered":"https:\/\/anti-fraud.pl\/?post_type=product&#038;p=3551"},"modified":"2025-12-16T09:17:29","modified_gmt":"2025-12-16T09:17:29","slug":"szkolenie-antyfraudowe-dla-tu","status":"publish","type":"product","link":"https:\/\/anti-fraud.pl\/?product=szkolenie-antyfraudowe-dla-tu","title":{"rendered":"Szkolenie antyfraudowe dedykowane dla bran\u017cy ubezpieczeniowej- zapobieganie oszustwom wewn\u0119trznym i zewn\u0119trznym"},"content":{"rendered":"<p><strong>Szkolenie antyfraudowe dedykowane dla bran\u017cy ubezpieczeniowej- zapobieganie oszustwom wewn\u0119trznym i zewn\u0119trznym<\/strong><\/p>\n<p><strong>Co uzyskasz<\/strong>: szkolenie dla pracownik\u00f3w Towarzystw Ubezpieczeniowych w zakresie przeciwdzia\u0142ania oszustwom wewn\u0119trznym i zewn\u0119trznym.<\/p>\n<p>Celem szkolenia antyfraudowego jest wyposa\u017cenie uczestnik\u00f3w w wiedz\u0119 i umiej\u0119tno\u015bci niezb\u0119dne do identyfikacji, zapobiegania i reagowania na oszustwa <strong>wewn\u0119trzne oraz zewn\u0119trzne<\/strong> mog\u0105ce wyst\u0105pi\u0107 w zwi\u0105zku z dzia\u0142alno\u015bci\u0105 <strong>Towarzystwa Ubezpieczeniowego<\/strong>. Szkolenie ma na celu podniesienie \u015bwiadomo\u015bci na temat zagro\u017ce\u0144 zwi\u0105zanych z oszustwami oraz promowanie kultury etycznej w organizacji.<\/p>\n<p><strong>Program szkolenia:<\/strong><\/p>\n<p><strong>1. Podstawowe informacje o oszustwach (fraudach wewn\u0119trznych)<\/strong><br \/>\na. definicja i typologia nadu\u017cy\u0107 wewn\u0119trznych<br \/>\nb. skala problemu<br \/>\nc. przyk\u0142ady nadu\u017cy\u0107 wewn\u0119trznych w towarzystwach ubezpieczeniowych<\/p>\n<p><strong>2. Sygna\u0142y ostrzegawcze<\/strong><br \/>\na. behawioralne sygna\u0142y ostrzegawcze<br \/>\nb. sygna\u0142y ostrzegawcze w dokumentach finansowych<\/p>\n<p><strong>3. Studium przypadk\u00f3w i \u0107wiczenia praktyczne<\/strong><br \/>\na. analiza &#8211; studium przypadk\u00f3w (om\u00f3wienie 3\u20135 konkretnych przypadk\u00f3w).<\/p>\n<p><strong>4. Podstawowe informacje o przest\u0119pczo\u015bci ubezpieczeniowej (fraudach zewn\u0119trznych dot. TU)<\/strong><br \/>\na. definicja przest\u0119pczo\u015bci ubezpieczeniowej<br \/>\nb. skala i struktura zjawiska w Polsce<\/p>\n<p><strong>5. G\u0142\u00f3wne obszary ryzyka nadu\u017cy\u0107 zewn\u0119trznych w TU<\/strong><br \/>\na. etap przed zawarciem umowy<br \/>\nb. etap likwidacji szkody<\/p>\n<p><strong>6. Weryfikacja roszcze\u0144 i analiza dokumentacji<\/strong><br \/>\na. lista sygna\u0142\u00f3w ostrzegawczych w dokumentacji i zachowaniu klienta<br \/>\nb. analiza sp\u00f3jno\u015bci informacji (np. zgodno\u015b\u0107 z umow\u0105, dokumentami, histori\u0105 szk\u00f3d)<br \/>\nc. weryfikacja zdj\u0119\u0107 i faktur \u2013 techniki rozpoznawania fa\u0142szerstw<br \/>\nd. zastosowanie OSINT (Open Source Intelligence) w pracy likwidatora szk\u00f3d<\/p>\n<p><strong>7. Odpowiedzialno\u015b\u0107 karna i dyscyplinarna<\/strong><br \/>\na. oszustwo (286 k.k.), oszustwo ubezpieczeniowe (298 k.k.), przest\u0119pstwa przeciwko dokumentom (270 k.k., 271 k.k.),<br \/>\nb. odpowiedzialno\u015b\u0107 za wsp\u00f3\u0142udzia\u0142 lub pomocnictwo (np. likwidator).<\/p>\n<p><strong>8. Reagowanie na wykryte oszustwa<\/strong><br \/>\na. procedury post\u0119powania<br \/>\nb. dokumentacja i raportowanie<br \/>\nc. wsp\u00f3\u0142praca z organami \u015bcigania<\/p>\n<p><strong>9. Studium przypadk\u00f3w i \u0107wiczenia praktyczne<\/strong><br \/>\na. analiza &#8211; studium przypadk\u00f3w (om\u00f3wienie 3\u20135 konkretnych przypadk\u00f3w).<br \/>\nb. \u0107wiczenia praktyczne<\/p>\n<p><strong>Dla kogo przeznaczone jest szkolenie:<\/strong> kadry zarz\u0105dzaj\u0105cej oraz pracownik\u00f3w Twojej organizacji.<\/p>\n<p><strong>Czas trwania:<\/strong> ok. 5 godzin.<\/p>\n<p><strong>Jak zrealizowa\u0107 zam\u00f3wienie<\/strong>: po wykupieniu us\u0142ugi skontaktuj si\u0119 ze mn\u0105 w celu om\u00f3wienia szczeg\u00f3\u0142\u00f3w realizacji us\u0142ugi. Kontakt jest mo\u017cliwy telefonicznie pod numerem telefonu:\u00a0<strong>+48 790 730 918\u00a0<\/strong>\u00a0lub mailowo pod adresem:\u00a0<strong>biuro@anti-fraud.pl<\/strong>\u00a0b\u0105d\u017a za po\u015brednictwem formularza kontaktowego dost\u0119pnego w zak\u0142adce kontakt.<\/p>\n<p><strong>Cena obowi\u0105zuje dla szkole\u0144 na terenie woj. pomorskiego lub online.\u00a0<\/strong><\/p>\n<p><em>Przed zakupem prosz\u0119 si\u0119 zapozna\u0107 z Regulaminem sklepu,<\/em>\u00a0<em>Polityk\u0105 prywatno\u015bci i cookies oraz klauzul\u0105 informacyjn\u0105 RODO.<\/em><\/p>\n<p><strong>Zapraszamy do kontaktu:<\/strong><\/p>\n<div class=\"wpforms-container wpforms-container-full\" id=\"wpforms-2050\"><form id=\"wpforms-form-2050\" class=\"wpforms-validate wpforms-form wpforms-ajax-form\" data-formid=\"2050\" method=\"post\" enctype=\"multipart\/form-data\" action=\"\/index.php?rest_route=%2Fwp%2Fv2%2Fproduct%2F3551\" data-token=\"2d0b25ee3d98686d917f5416f9ba8b30\"><noscript class=\"wpforms-error-noscript\">Aby wype\u0142ni\u0107 ten formularz, w\u0142\u0105cz obs\u0142ug\u0119 JavaScript w przegl\u0105darce.<\/noscript><div class=\"wpforms-field-container\"><div id=\"wpforms-2050-field_0-container\" class=\"wpforms-field wpforms-field-name\" data-field-id=\"0\"><label class=\"wpforms-field-label\" for=\"wpforms-2050-field_0\">Imi\u0119 <span class=\"wpforms-required-label\">*<\/span><\/label><input type=\"text\" id=\"wpforms-2050-field_0\" class=\"wpforms-field-large wpforms-field-required\" name=\"wpforms[fields][0]\" required><\/div><div id=\"wpforms-2050-field_1-container\" class=\"wpforms-field wpforms-field-email\" data-field-id=\"1\"><label class=\"wpforms-field-label\" for=\"wpforms-2050-field_1\">E-mail <span class=\"wpforms-required-label\">*<\/span><\/label><input type=\"email\" id=\"wpforms-2050-field_1\" class=\"wpforms-field-large wpforms-field-required\" name=\"wpforms[fields][1]\" required><\/div><div id=\"wpforms-2050-field_3-container\" class=\"wpforms-field wpforms-field-phone\" data-field-id=\"3\"><label class=\"wpforms-field-label\" for=\"wpforms-2050-field_3\">Telefon<\/label><input type=\"tel\" id=\"wpforms-2050-field_3\" class=\"wpforms-field-large wpforms-smart-phone-field\" data-rule-smart-phone-field=\"true\" name=\"wpforms[fields][3]\" ><\/div><div id=\"wpforms-2050-field_2-container\" class=\"wpforms-field wpforms-field-textarea\" data-field-id=\"2\"><label class=\"wpforms-field-label\" for=\"wpforms-2050-field_2\">Komentarz lub wiadomo\u015b\u0107<\/label><textarea id=\"wpforms-2050-field_2\" class=\"wpforms-field-medium\" name=\"wpforms[fields][2]\" placeholder=\"Jestem zainteresowany ofert\u0105. Prosz\u0119 o kontakt.\" ><\/textarea><\/div><div id=\"wpforms-2050-field_4-container\" class=\"wpforms-field wpforms-field-checkbox\" data-field-id=\"4\"><label class=\"wpforms-field-label\" for=\"wpforms-2050-field_4\">Pola wyboru <span class=\"wpforms-required-label\">*<\/span><\/label><ul id=\"wpforms-2050-field_4\" class=\"wpforms-field-required\"><li class=\"choice-1 depth-1\"><input type=\"checkbox\" id=\"wpforms-2050-field_4_1\" name=\"wpforms[fields][4][]\" value=\"Akceptuj\u0119 polityk\u0119 prywatno\u015bci tej strony\" required ><label class=\"wpforms-field-label-inline\" for=\"wpforms-2050-field_4_1\">Akceptuj\u0119 polityk\u0119 prywatno\u015bci tej strony<\/label><\/li><li class=\"choice-2 depth-1\"><input type=\"checkbox\" id=\"wpforms-2050-field_4_2\" name=\"wpforms[fields][4][]\" value=\"Wyra\u017cam zgod\u0119 na przetwarzanie moich danych osobowych w celu odpowiedzi na zadane pytanie\" required ><label class=\"wpforms-field-label-inline\" for=\"wpforms-2050-field_4_2\">Wyra\u017cam zgod\u0119 na przetwarzanie moich danych osobowych w celu odpowiedzi na zadane pytanie<\/label><\/li><\/ul><\/div><\/div><div class=\"wpforms-submit-container\"><input type=\"hidden\" name=\"wpforms[id]\" value=\"2050\"><input type=\"hidden\" name=\"wpforms[author]\" value=\"1\"><button type=\"submit\" name=\"wpforms[submit]\" id=\"wpforms-submit-2050\" class=\"wpforms-submit\" data-alt-text=\"Wysy\u0142anie...\" data-submit-text=\"Prze\u015blij\" aria-live=\"assertive\" value=\"wpforms-submit\">Prze\u015blij<\/button><img decoding=\"async\" src=\"https:\/\/anti-fraud.pl\/wp-content\/plugins\/wpforms\/assets\/images\/submit-spin.svg\" class=\"wpforms-submit-spinner\" style=\"display: none;\" width=\"26\" height=\"26\" alt=\"Wczytywanie\"><\/div><\/form><\/div>  <!-- .wpforms-container -->\n","protected":false},"excerpt":{"rendered":"<p><strong>Szkolenie antyfraudowe dedykowane dla bran\u017cy ubezpieczeniowej- zapobieganie oszustwom wewn\u0119trznym i zewn\u0119trznym<\/strong><\/p>\n<p>Celem szkolenia antyfraudowego jest wyposa\u017cenie uczestnik\u00f3w w wiedz\u0119 i umiej\u0119tno\u015bci niezb\u0119dne do identyfikacji, zapobiegania i reagowania na oszustwa <strong>wewn\u0119trzne oraz zewn\u0119trzne<\/strong> mog\u0105ce wyst\u0105pi\u0107 w zwi\u0105zku z dzia\u0142alno\u015bci\u0105 <strong>Towarzystwa Ubezpieczeniowego<\/strong>. Szkolenie ma na celu podniesienie \u015bwiadomo\u015bci na temat zagro\u017ce\u0144 zwi\u0105zanych z oszustwami oraz promowanie kultury etycznej w organizacji.<\/p>\n<p><strong>Dok\u0142adny opis us\u0142ugi znajduje si\u0119 poni\u017cej.<\/strong><\/p>\n","protected":false},"featured_media":2775,"template":"","meta":{"_kad_blocks_custom_css":"","_kad_blocks_head_custom_js":"","_kad_blocks_body_custom_js":"","_kad_blocks_footer_custom_js":"","_kadence_starter_templates_imported_post":false,"_kad_post_transparent":"default","_kad_post_title":"","_kad_post_layout":"default","_kad_post_sidebar_id":"","_kad_post_content_style":"default","_kad_post_vertical_padding":"default","_kad_post_feature":"","_kad_post_feature_position":"","_kad_post_header":false,"_kad_post_footer":false},"product_cat":[37],"product_tag":[373,355,372,385,507,382,376,338,510,509,391,364,374,390,389,375,383,378,371,380,387,381,392,508,377,386,369,384,388,353,296,379,292],"class_list":{"0":"post-3551","1":"product","2":"type-product","3":"status-publish","4":"has-post-thumbnail","6":"product_cat-szkolenia","7":"product_tag-analiza-danych","8":"product_tag-analiza-finansowa","9":"product_tag-audyt-oszustw","10":"product_tag-bezpieczenstwo-finansowe","11":"product_tag-bezpieczenstwo-w-ubezpieczeniach","12":"product_tag-dochodzenia-wewnetrzne","13":"product_tag-edukacja-antyfraudowa","14":"product_tag-etyka-biznesu","15":"product_tag-fraudy-ubezpieczeniowe","16":"product_tag-fraudy-w-tu","17":"product_tag-identyfikacja-oszustw","18":"product_tag-kontrola-wewnetrzna","19":"product_tag-monitoring-finansowy","20":"product_tag-narzedzia-antyfraudowe","21":"product_tag-ochrona-mienia","22":"product_tag-ochrona-przed-oszustwami","23":"product_tag-procedury-antyfraudowe","24":"product_tag-przeciwdzialanie-naduzyciom","25":"product_tag-szkolenie-antyfraudowe","26":"product_tag-szkolenie-dla-audytorow","27":"product_tag-szkolenie-dla-menedzerow","28":"product_tag-szkolenie-dla-pracownikow","29":"product_tag-szkolenie-firmowe","30":"product_tag-szkolenie-tu","31":"product_tag-techniki-antyfraudowe","32":"product_tag-wykrywanie-naduzyc","33":"product_tag-wykrywanie-oszustw","34":"product_tag-zabezpieczenie-przedsiebiorstwa","35":"product_tag-zapobieganie-defraudacji","36":"product_tag-zapobieganie-oszustwom","37":"product_tag-zarzadzanie-ryzykiem","38":"product_tag-zgodnosc-finansowa","39":"product_tag-zgodnosc-z-przepisami","41":"first","42":"instock","43":"virtual","44":"taxable","45":"purchasable","46":"product-type-simple","47":"entry","48":"content-bg","49":"loop-entry"},"yoast_head":"<!-- This site is optimized with the Yoast SEO Premium plugin v20.4 (Yoast SEO v22.3) - https:\/\/yoast.com\/wordpress\/plugins\/seo\/ -->\n<title>Szkolenie antyfraudowe dedykowane dla bran\u017cy ubezpieczeniowej- zapobieganie oszustwom wewn\u0119trznym i zewn\u0119trznym - ANTI-FRAUD<\/title>\n<meta name=\"description\" content=\"Celem szkolenia antyfraudowego jest wyposa\u017cenie uczestnik\u00f3w w wiedz\u0119 i umiej\u0119tno\u015bci niezb\u0119dne do identyfikacji, zapobiegania i reagowania na oszustwa w przedsi\u0119biorstwie.\" \/>\n<meta name=\"robots\" content=\"index, follow, max-snippet:-1, max-image-preview:large, max-video-preview:-1\" \/>\n<link rel=\"canonical\" href=\"https:\/\/anti-fraud.pl\/?product=szkolenie-antyfraudowe-dla-tu\" \/>\n<meta property=\"og:locale\" content=\"pl_PL\" \/>\n<meta property=\"og:type\" content=\"article\" \/>\n<meta property=\"og:title\" content=\"Szkolenie antyfraudowe dedykowane dla bran\u017cy ubezpieczeniowej- zapobieganie oszustwom wewn\u0119trznym i zewn\u0119trznym\" \/>\n<meta property=\"og:description\" content=\"Celem szkolenia antyfraudowego jest wyposa\u017cenie uczestnik\u00f3w w wiedz\u0119 i umiej\u0119tno\u015bci niezb\u0119dne do identyfikacji, zapobiegania i reagowania na oszustwa w przedsi\u0119biorstwie.\" \/>\n<meta property=\"og:url\" content=\"https:\/\/anti-fraud.pl\/?product=szkolenie-antyfraudowe-dla-tu\" \/>\n<meta property=\"og:site_name\" content=\"ANTI-FRAUD\" \/>\n<meta property=\"article:publisher\" content=\"https:\/\/www.facebook.com\/100094584412723\" \/>\n<meta property=\"article:modified_time\" content=\"2025-12-16T09:17:29+00:00\" \/>\n<meta property=\"og:image\" content=\"https:\/\/anti-fraud.pl\/wp-content\/uploads\/2024\/05\/business-women-2023-11-27-05-24-56-utc.jpg\" \/>\n\t<meta property=\"og:image:width\" content=\"600\" \/>\n\t<meta property=\"og:image:height\" content=\"600\" \/>\n\t<meta property=\"og:image:type\" content=\"image\/jpeg\" \/>\n<meta name=\"twitter:card\" content=\"summary_large_image\" \/>\n<meta name=\"twitter:site\" content=\"@audyt_sledczy\" \/>\n<meta name=\"twitter:label1\" content=\"Szacowany czas czytania\" \/>\n\t<meta name=\"twitter:data1\" content=\"3 minuty\" \/>\n<script type=\"application\/ld+json\" class=\"yoast-schema-graph\">{\"@context\":\"https:\/\/schema.org\",\"@graph\":[{\"@type\":\"WebPage\",\"@id\":\"https:\/\/anti-fraud.pl\/?product=szkolenie-antyfraudowe-dla-tu\",\"url\":\"https:\/\/anti-fraud.pl\/?product=szkolenie-antyfraudowe-dla-tu\",\"name\":\"Szkolenie antyfraudowe dedykowane dla bran\u017cy ubezpieczeniowej- zapobieganie oszustwom wewn\u0119trznym i zewn\u0119trznym - ANTI-FRAUD\",\"isPartOf\":{\"@id\":\"https:\/\/anti-fraud.pl\/#website\"},\"primaryImageOfPage\":{\"@id\":\"https:\/\/anti-fraud.pl\/?product=szkolenie-antyfraudowe-dla-tu#primaryimage\"},\"image\":{\"@id\":\"https:\/\/anti-fraud.pl\/?product=szkolenie-antyfraudowe-dla-tu#primaryimage\"},\"thumbnailUrl\":\"https:\/\/anti-fraud.pl\/wp-content\/uploads\/2024\/03\/szkolenie-antyfraudowe.jpg\",\"datePublished\":\"2025-12-16T08:58:54+00:00\",\"dateModified\":\"2025-12-16T09:17:29+00:00\",\"description\":\"Celem szkolenia antyfraudowego jest wyposa\u017cenie uczestnik\u00f3w w wiedz\u0119 i umiej\u0119tno\u015bci niezb\u0119dne do identyfikacji, zapobiegania i reagowania na oszustwa w przedsi\u0119biorstwie.\",\"breadcrumb\":{\"@id\":\"https:\/\/anti-fraud.pl\/?product=szkolenie-antyfraudowe-dla-tu#breadcrumb\"},\"inLanguage\":\"pl-PL\",\"potentialAction\":[{\"@type\":\"ReadAction\",\"target\":[\"https:\/\/anti-fraud.pl\/?product=szkolenie-antyfraudowe-dla-tu\"]}]},{\"@type\":\"ImageObject\",\"inLanguage\":\"pl-PL\",\"@id\":\"https:\/\/anti-fraud.pl\/?product=szkolenie-antyfraudowe-dla-tu#primaryimage\",\"url\":\"https:\/\/anti-fraud.pl\/wp-content\/uploads\/2024\/03\/szkolenie-antyfraudowe.jpg\",\"contentUrl\":\"https:\/\/anti-fraud.pl\/wp-content\/uploads\/2024\/03\/szkolenie-antyfraudowe.jpg\",\"width\":1651,\"height\":1101,\"caption\":\"szkolenie antifraudowe\"},{\"@type\":\"BreadcrumbList\",\"@id\":\"https:\/\/anti-fraud.pl\/?product=szkolenie-antyfraudowe-dla-tu#breadcrumb\",\"itemListElement\":[{\"@type\":\"ListItem\",\"position\":1,\"name\":\"Strona g\u0142\u00f3wna\",\"item\":\"https:\/\/anti-fraud.pl\/\"},{\"@type\":\"ListItem\",\"position\":2,\"name\":\"Sklep\",\"item\":\"https:\/\/anti-fraud.pl\/?page_id=5\"},{\"@type\":\"ListItem\",\"position\":3,\"name\":\"Szkolenie antyfraudowe dedykowane dla bran\u017cy ubezpieczeniowej- zapobieganie oszustwom wewn\u0119trznym i zewn\u0119trznym\"}]},{\"@type\":\"WebSite\",\"@id\":\"https:\/\/anti-fraud.pl\/#website\",\"url\":\"https:\/\/anti-fraud.pl\/\",\"name\":\"ANTI-FRAUD\",\"description\":\"Wykrywanie \/ Zapobieganie \/ Szkolenie\",\"publisher\":{\"@id\":\"https:\/\/anti-fraud.pl\/#organization\"},\"potentialAction\":[{\"@type\":\"SearchAction\",\"target\":{\"@type\":\"EntryPoint\",\"urlTemplate\":\"https:\/\/anti-fraud.pl\/?s={search_term_string}\"},\"query-input\":\"required name=search_term_string\"}],\"inLanguage\":\"pl-PL\"},{\"@type\":\"Organization\",\"@id\":\"https:\/\/anti-fraud.pl\/#organization\",\"name\":\"ANTI-FRAUD\",\"url\":\"https:\/\/anti-fraud.pl\/\",\"logo\":{\"@type\":\"ImageObject\",\"inLanguage\":\"pl-PL\",\"@id\":\"https:\/\/anti-fraud.pl\/#\/schema\/logo\/image\/\",\"url\":\"https:\/\/anti-fraud.pl\/wp-content\/uploads\/2023\/11\/logo-xlarge-\u2014-tarcza.png\",\"contentUrl\":\"https:\/\/anti-fraud.pl\/wp-content\/uploads\/2023\/11\/logo-xlarge-\u2014-tarcza.png\",\"width\":1519,\"height\":363,\"caption\":\"ANTI-FRAUD\"},\"image\":{\"@id\":\"https:\/\/anti-fraud.pl\/#\/schema\/logo\/image\/\"},\"sameAs\":[\"https:\/\/www.facebook.com\/100094584412723\",\"https:\/\/twitter.com\/audyt_sledczy\"]}]}<\/script>\n<!-- \/ Yoast SEO Premium plugin. -->","yoast_head_json":{"title":"Szkolenie antyfraudowe dedykowane dla bran\u017cy ubezpieczeniowej- zapobieganie oszustwom wewn\u0119trznym i zewn\u0119trznym - ANTI-FRAUD","description":"Celem szkolenia antyfraudowego jest wyposa\u017cenie uczestnik\u00f3w w wiedz\u0119 i umiej\u0119tno\u015bci niezb\u0119dne do identyfikacji, zapobiegania i reagowania na oszustwa w przedsi\u0119biorstwie.","robots":{"index":"index","follow":"follow","max-snippet":"max-snippet:-1","max-image-preview":"max-image-preview:large","max-video-preview":"max-video-preview:-1"},"canonical":"https:\/\/anti-fraud.pl\/?product=szkolenie-antyfraudowe-dla-tu","og_locale":"pl_PL","og_type":"article","og_title":"Szkolenie antyfraudowe dedykowane dla bran\u017cy ubezpieczeniowej- zapobieganie oszustwom wewn\u0119trznym i zewn\u0119trznym","og_description":"Celem szkolenia antyfraudowego jest wyposa\u017cenie uczestnik\u00f3w w wiedz\u0119 i umiej\u0119tno\u015bci niezb\u0119dne do identyfikacji, zapobiegania i reagowania na oszustwa w przedsi\u0119biorstwie.","og_url":"https:\/\/anti-fraud.pl\/?product=szkolenie-antyfraudowe-dla-tu","og_site_name":"ANTI-FRAUD","article_publisher":"https:\/\/www.facebook.com\/100094584412723","article_modified_time":"2025-12-16T09:17:29+00:00","og_image":[{"width":600,"height":600,"url":"https:\/\/anti-fraud.pl\/wp-content\/uploads\/2024\/05\/business-women-2023-11-27-05-24-56-utc.jpg","type":"image\/jpeg"}],"twitter_card":"summary_large_image","twitter_site":"@audyt_sledczy","twitter_misc":{"Szacowany czas czytania":"3 minuty"},"schema":{"@context":"https:\/\/schema.org","@graph":[{"@type":"WebPage","@id":"https:\/\/anti-fraud.pl\/?product=szkolenie-antyfraudowe-dla-tu","url":"https:\/\/anti-fraud.pl\/?product=szkolenie-antyfraudowe-dla-tu","name":"Szkolenie antyfraudowe dedykowane dla bran\u017cy ubezpieczeniowej- zapobieganie oszustwom wewn\u0119trznym i zewn\u0119trznym - ANTI-FRAUD","isPartOf":{"@id":"https:\/\/anti-fraud.pl\/#website"},"primaryImageOfPage":{"@id":"https:\/\/anti-fraud.pl\/?product=szkolenie-antyfraudowe-dla-tu#primaryimage"},"image":{"@id":"https:\/\/anti-fraud.pl\/?product=szkolenie-antyfraudowe-dla-tu#primaryimage"},"thumbnailUrl":"https:\/\/anti-fraud.pl\/wp-content\/uploads\/2024\/03\/szkolenie-antyfraudowe.jpg","datePublished":"2025-12-16T08:58:54+00:00","dateModified":"2025-12-16T09:17:29+00:00","description":"Celem szkolenia antyfraudowego jest wyposa\u017cenie uczestnik\u00f3w w wiedz\u0119 i umiej\u0119tno\u015bci niezb\u0119dne do identyfikacji, zapobiegania i reagowania na oszustwa w przedsi\u0119biorstwie.","breadcrumb":{"@id":"https:\/\/anti-fraud.pl\/?product=szkolenie-antyfraudowe-dla-tu#breadcrumb"},"inLanguage":"pl-PL","potentialAction":[{"@type":"ReadAction","target":["https:\/\/anti-fraud.pl\/?product=szkolenie-antyfraudowe-dla-tu"]}]},{"@type":"ImageObject","inLanguage":"pl-PL","@id":"https:\/\/anti-fraud.pl\/?product=szkolenie-antyfraudowe-dla-tu#primaryimage","url":"https:\/\/anti-fraud.pl\/wp-content\/uploads\/2024\/03\/szkolenie-antyfraudowe.jpg","contentUrl":"https:\/\/anti-fraud.pl\/wp-content\/uploads\/2024\/03\/szkolenie-antyfraudowe.jpg","width":1651,"height":1101,"caption":"szkolenie antifraudowe"},{"@type":"BreadcrumbList","@id":"https:\/\/anti-fraud.pl\/?product=szkolenie-antyfraudowe-dla-tu#breadcrumb","itemListElement":[{"@type":"ListItem","position":1,"name":"Strona g\u0142\u00f3wna","item":"https:\/\/anti-fraud.pl\/"},{"@type":"ListItem","position":2,"name":"Sklep","item":"https:\/\/anti-fraud.pl\/?page_id=5"},{"@type":"ListItem","position":3,"name":"Szkolenie antyfraudowe dedykowane dla bran\u017cy ubezpieczeniowej- zapobieganie oszustwom wewn\u0119trznym i zewn\u0119trznym"}]},{"@type":"WebSite","@id":"https:\/\/anti-fraud.pl\/#website","url":"https:\/\/anti-fraud.pl\/","name":"ANTI-FRAUD","description":"Wykrywanie \/ Zapobieganie \/ Szkolenie","publisher":{"@id":"https:\/\/anti-fraud.pl\/#organization"},"potentialAction":[{"@type":"SearchAction","target":{"@type":"EntryPoint","urlTemplate":"https:\/\/anti-fraud.pl\/?s={search_term_string}"},"query-input":"required name=search_term_string"}],"inLanguage":"pl-PL"},{"@type":"Organization","@id":"https:\/\/anti-fraud.pl\/#organization","name":"ANTI-FRAUD","url":"https:\/\/anti-fraud.pl\/","logo":{"@type":"ImageObject","inLanguage":"pl-PL","@id":"https:\/\/anti-fraud.pl\/#\/schema\/logo\/image\/","url":"https:\/\/anti-fraud.pl\/wp-content\/uploads\/2023\/11\/logo-xlarge-\u2014-tarcza.png","contentUrl":"https:\/\/anti-fraud.pl\/wp-content\/uploads\/2023\/11\/logo-xlarge-\u2014-tarcza.png","width":1519,"height":363,"caption":"ANTI-FRAUD"},"image":{"@id":"https:\/\/anti-fraud.pl\/#\/schema\/logo\/image\/"},"sameAs":["https:\/\/www.facebook.com\/100094584412723","https:\/\/twitter.com\/audyt_sledczy"]}]}},"featured_image_src_large":["https:\/\/anti-fraud.pl\/wp-content\/uploads\/2024\/03\/szkolenie-antyfraudowe-1024x683.jpg",1024,683,true],"author_info":[],"comment_info":"","taxonomy_info":{"product_cat":[{"value":37,"label":"Szkolenia"}],"product_tag":[{"value":373,"label":"analiza danych"},{"value":355,"label":"analiza finansowa"},{"value":372,"label":"audyt oszustw"},{"value":385,"label":"bezpiecze\u0144stwo finansowe"},{"value":507,"label":"bezpiecze\u0144stwo w ubezpieczeniach"},{"value":382,"label":"dochodzenia wewn\u0119trzne"},{"value":376,"label":"edukacja antyfraudowa"},{"value":338,"label":"etyka biznesu"},{"value":510,"label":"fraudy ubezpieczeniowe"},{"value":509,"label":"fraudy w TU"},{"value":391,"label":"identyfikacja oszustw"},{"value":364,"label":"kontrola wewn\u0119trzna"},{"value":374,"label":"monitoring finansowy"},{"value":390,"label":"narz\u0119dzia antyfraudowe"},{"value":389,"label":"ochrona mienia"},{"value":375,"label":"ochrona przed oszustwami"},{"value":383,"label":"procedury antyfraudowe"},{"value":378,"label":"przeciwdzia\u0142anie nadu\u017cyciom"},{"value":371,"label":"szkolenie antyfraudowe"},{"value":380,"label":"szkolenie dla audytor\u00f3w"},{"value":387,"label":"szkolenie dla mened\u017cer\u00f3w"},{"value":381,"label":"szkolenie dla pracownik\u00f3w"},{"value":392,"label":"szkolenie firmowe"},{"value":508,"label":"szkolenie TU"},{"value":377,"label":"techniki antyfraudowe"},{"value":386,"label":"wykrywanie nadu\u017cy\u0107"},{"value":369,"label":"wykrywanie oszustw"},{"value":384,"label":"zabezpieczenie przedsi\u0119biorstwa"},{"value":388,"label":"zapobieganie defraudacji"},{"value":353,"label":"zapobieganie oszustwom"},{"value":296,"label":"zarz\u0105dzanie ryzykiem"},{"value":379,"label":"zgodno\u015b\u0107 finansowa"},{"value":292,"label":"zgodno\u015b\u0107 z przepisami"}]},"_links":{"self":[{"href":"https:\/\/anti-fraud.pl\/index.php?rest_route=\/wp\/v2\/product\/3551","targetHints":{"allow":["GET"]}}],"collection":[{"href":"https:\/\/anti-fraud.pl\/index.php?rest_route=\/wp\/v2\/product"}],"about":[{"href":"https:\/\/anti-fraud.pl\/index.php?rest_route=\/wp\/v2\/types\/product"}],"wp:featuredmedia":[{"embeddable":true,"href":"https:\/\/anti-fraud.pl\/index.php?rest_route=\/wp\/v2\/media\/2775"}],"wp:attachment":[{"href":"https:\/\/anti-fraud.pl\/index.php?rest_route=%2Fwp%2Fv2%2Fmedia&parent=3551"}],"wp:term":[{"taxonomy":"product_cat","embeddable":true,"href":"https:\/\/anti-fraud.pl\/index.php?rest_route=%2Fwp%2Fv2%2Fproduct_cat&post=3551"},{"taxonomy":"product_tag","embeddable":true,"href":"https:\/\/anti-fraud.pl\/index.php?rest_route=%2Fwp%2Fv2%2Fproduct_tag&post=3551"}],"curies":[{"name":"wp","href":"https:\/\/api.w.org\/{rel}","templated":true}]}}